{"id":10743,"date":"2025-06-06T15:51:19","date_gmt":"2025-06-06T15:51:19","guid":{"rendered":"https:\/\/capybaras.agency\/aviso-legal\/"},"modified":"2025-10-21T17:48:35","modified_gmt":"2025-10-21T17:48:35","slug":"aviso-legal","status":"publish","type":"page","link":"https:\/\/capybaras.agency\/es\/aviso-legal\/","title":{"rendered":"Aviso legal"},"content":{"rendered":"\n<h4 class=\"wp-block-heading\">1. AVISO LEGAL Y CONDICIONES DE USO<\/h4>\n\n<h5 class=\"wp-block-heading\">1.2. FINALIDAD DEL SITIO WEB<\/h5>\n\n<p>Los servicios proporcionados por Capybaras Agency a trav\u00e9s de su sitio web (lightgreen-oryx-655438.hostingersite.com) incluyen:<\/p>\n\n<ul class=\"wp-block-list\">\n<li>La venta de servicios de marketing digital.<\/li>\n\n\n\n<li>La venta de productos digitales.<\/li>\n\n\n\n<li>La gesti\u00f3n de la lista de suscriptores y usuarios registrados en el sitio web.<\/li>\n\n\n\n<li>La provisi\u00f3n de contenido a trav\u00e9s del blog.<\/li>\n\n\n\n<li>La organizaci\u00f3n de sesiones de formaci\u00f3n y cursos.<\/li>\n\n\n\n<li>La gesti\u00f3n de una red de afiliados y comerciantes, incluyendo el procesamiento de pagos para afiliados.<\/li>\n<\/ul>\n\n<h4 class=\"wp-block-heading\">1.3. USUARIOS<\/h4>\n\n<p>El acceso y\/o uso de este sitio web atribuye la condici\u00f3n de USUARIO, quien acepta estas condiciones de uso desde el mismo momento del acceso y\/o uso. El simple uso del sitio web <strong>no<\/strong> crea ninguna relaci\u00f3n laboral o comercial. <\/p>\n\n<h5 class=\"wp-block-heading\">1.4. USO DEL SITIO WEB Y CAPTURA DE INFORMACI\u00d3N<\/h5>\n\n<h5 class=\"wp-block-heading\">1.4.1 USO DEL SITIO WEB<\/h5>\n\n<p>El sitio web lightgreen-oryx-655438.hostingersite.com y sus subdominios (en adelante, \u00abEL SITIO\u00bb) proporcionan acceso a art\u00edculos, informaci\u00f3n, servicios y datos (en adelante, \u00abel contenido\u00bb) propiedad de Capybaras Agency. El USUARIO asume la responsabilidad del uso de EL SITIO. <\/p>\n\n<p>El USUARIO se compromete a utilizar los contenidos de forma adecuada y, a t\u00edtulo de ejemplo pero no limitado a, no utilizarlos para:<\/p>\n\n<ul class=\"wp-block-list\">\n<li>(a) Incurrir en actividades il\u00edcitas, ilegales o contrarias a la buena fe o al orden p\u00fablico;<\/li>\n\n\n\n<li>(b) Difundir contenidos o propaganda de car\u00e1cter racista, xen\u00f3fobo, pornogr\u00e1fico-ilegal, de apolog\u00eda del terrorismo o atentatorio contra los derechos humanos;<\/li>\n\n\n\n<li>(c) Provocar da\u00f1os en los sistemas f\u00edsicos y l\u00f3gicos de EL SITIO, de sus proveedores o de terceras personas; introducir o difundir en la red virus inform\u00e1ticos o cualesquiera otros sistemas f\u00edsicos o l\u00f3gicos que sean susceptibles de provocar los da\u00f1os anteriormente mencionados;<\/li>\n\n\n\n<li>(d) Intentar acceder y, en su caso, utilizar las cuentas de correo electr\u00f3nico de otros usuarios y modificar o manipular sus mensajes.<\/li>\n<\/ul>\n\n<p>Capybaras Agency se reserva el derecho de retirar todos aquellos comentarios y aportaciones que vulneren el respeto a la dignidad de la persona, que sean discriminatorios, xen\u00f3fobos, racistas, pornogr\u00e1ficos, que atenten contra la juventud o la infancia, el orden o la seguridad p\u00fablica o que, a su juicio, no resultaran adecuados para su publicaci\u00f3n.<\/p>\n\n<p>En cualquier caso, Capybaras Agency no se har\u00e1 responsable de las opiniones vertidas por los usuarios a trav\u00e9s de los blogs, comunidades u otras herramientas de participaci\u00f3n, conforme a lo previsto en la normativa de aplicaci\u00f3n.<\/p>\n\n<h5 class=\"wp-block-heading\">1.4.2 CAPTURA DE INFORMACI\u00d3N<\/h5>\n\n<p>La informaci\u00f3n puede ser recopilada a trav\u00e9s de:<\/p>\n\n<ul class=\"wp-block-list\">\n<li>Formularios de contacto donde el USUARIO debe rellenar su direcci\u00f3n de correo electr\u00f3nico, asunto y nombre.<\/li>\n\n\n\n<li>Formularios de suscripci\u00f3n que requieren el nombre y el correo electr\u00f3nico del USUARIO para suscribirse.<\/li>\n\n\n\n<li>Formularios de venta que requieren el nombre, el correo electr\u00f3nico, la direcci\u00f3n y el n\u00famero de identificaci\u00f3n (o datos fiscales) del USUARIO.<\/li>\n\n\n\n<li>Cookies de seguimiento como se describe en nuestra pol\u00edtica de cookies.<\/li>\n\n\n\n<li>Datos de navegaci\u00f3n: Al navegar por este sitio, informaci\u00f3n sobre su direcci\u00f3n IP, fecha y hora de acceso, hiperv\u00ednculo de referencia, sistema operativo y navegador puede ser proporcionada autom\u00e1ticamente al servidor.<\/li>\n<\/ul>\n\n<p>Los usuarios pueden darse de baja de nuestros servicios en cualquier momento o solicitar la eliminaci\u00f3n de sus datos de acuerdo con las regulaciones de Protecci\u00f3n de Datos vigentes. Al suscribirse, comentar o realizar una compra en Capybaras Agency, usted consiente: <\/p>\n\n<ul class=\"wp-block-list\">\n<li>El tratamiento de sus datos personales tal y como se describe en nuestra pol\u00edtica de privacidad.<\/li>\n\n\n\n<li>Que Capybaras Agency acceda a los datos necesarios para la suscripci\u00f3n o las consultas enviadas a trav\u00e9s de los formularios de contacto.<\/li>\n<\/ul>\n\n<p>Toda la informaci\u00f3n del usuario est\u00e1 protegida de acuerdo con nuestra pol\u00edtica de privacidad.<\/p>\n\n<p>Al activar una suscripci\u00f3n, un formulario de contacto o un comentario, usted entiende y acepta que:<\/p>\n\n<p>Desde el momento en que se suscribe o compra un servicio, Capybaras Agency tiene acceso a su nombre y correo electr\u00f3nico, formando un fichero llamado \u201cUSUARIOS Y SUSCRIPTORES DEL SITIO WEB\u201d. Si realiza una compra, se le incluir\u00e1 en el fichero \u201cCLIENTES Y\/O PROVEEDORES\u201d, que puede contener su nombre, apellidos, correo electr\u00f3nico, n\u00famero de identificaci\u00f3n (o informaci\u00f3n fiscal) y direcci\u00f3n completa. <\/p>\n\n<p>Capybaras Agency se reserva el derecho a modificar en cualquier momento, sin previo aviso, tanto la presentaci\u00f3n\/configuraci\u00f3n de lightgreen-oryx-655438.hostingersite.com como el presente aviso legal.<\/p>\n\n<hr class=\"wp-block-separator has-alpha-channel-opacity\"\/>\n\n<h4 class=\"wp-block-heading\">2. PROPIEDAD INTELECTUAL E INDUSTRIAL<\/h4>\n\n<p>Capybaras Agency es titular o licenciataria de todos los derechos de propiedad intelectual e industrial de su sitio web, as\u00ed como de los elementos contenidos en el mismo (a t\u00edtulo enunciativo, im\u00e1genes, audio, v\u00eddeo, software o textos; marcas o logotipos, combinaciones de colores, estructura y dise\u00f1o, selecci\u00f3n de materiales usados, programas de ordenador necesarios para su funcionamiento, acceso y uso). Todos los derechos reservados. <\/p>\n\n<p>Cualquier uso no autorizado ser\u00e1 considerado un incumplimiento grave de los derechos de propiedad intelectual e industrial.<\/p>\n\n<p>La reproducci\u00f3n, distribuci\u00f3n o comunicaci\u00f3n p\u00fablica (incluida la puesta a disposici\u00f3n), total o parcial, con fines comerciales, en cualquier soporte, requiere la autorizaci\u00f3n previa y por escrito de Capybaras Agency.<\/p>\n\n<p>El USUARIO se compromete a respetar estos derechos y \u00fanicamente podr\u00e1 visualizar los elementos del sitio web sin imprimirlos, copiarlos o almacenarlos en ning\u00fan soporte f\u00edsico\/dispositivo. Los usuarios no deben eliminar, alterar, eludir o manipular ning\u00fan dispositivo de protecci\u00f3n instalado en el sitio. <\/p>\n\n<p>Est\u00e1 estrictamente prohibido compartir licencias de uso con otros; cada licencia es personal e intransferible. Capybaras Agency se reserva el derecho a emprender acciones civiles\/penales si fuera necesario. <\/p>\n\n<hr class=\"wp-block-separator has-alpha-channel-opacity\"\/>\n\n<h4 class=\"wp-block-heading\">3. EXCLUSI\u00d3N DE GARANT\u00cdAS Y RESPONSABILIDAD<\/h4>\n\n<p>Capybaras Agency no se hace responsable, en ning\u00fan caso, de los da\u00f1os y perjuicios de cualquier naturaleza que pudieran ocasionar, a t\u00edtulo enunciativo: errores u omisiones en los contenidos, falta de disponibilidad del sitio (incluidos los periodos de mantenimiento programado), la transmisi\u00f3n de virus o programas maliciosos o lesivos en los contenidos, a pesar de haber adoptado todas las medidas tecnol\u00f3gicas necesarias para evitarlo.<\/p>\n\n<hr class=\"wp-block-separator has-alpha-channel-opacity\"\/>\n\n<h4 class=\"wp-block-heading\">4. MODIFICACIONES<\/h4>\n\n<p>Capybaras Agency se reserva el derecho de efectuar sin previo aviso las modificaciones que considere oportunas en su sitio, pudiendo cambiar, suprimir o a\u00f1adir tanto los contenidos y servicios que se presten a trav\u00e9s de la misma como la forma en la que \u00e9stos aparezcan presentados o localizados en su sitio.<\/p>\n\n<hr class=\"wp-block-separator has-alpha-channel-opacity\"\/>\n\n<h4 class=\"wp-block-heading\">5. POL\u00cdTICA DE ENLACES<\/h4>\n\n<p>Las personas que se propongan realizar hiperenlaces desde otra web a lightgreen-oryx-655438.hostingersite.com deber\u00e1n cumplir las siguientes condiciones:<\/p>\n\n<ul class=\"wp-block-list\">\n<li>No se permite la reproducci\u00f3n total o parcial de ninguno de los servicios ni contenidos del sitio web sin la expresa autorizaci\u00f3n escrita.<\/li>\n\n\n\n<li>No se establecer\u00e1n deep-links, ni enlaces IMG o de imagen, ni frames sin la expresa autorizaci\u00f3n escrita.<\/li>\n\n\n\n<li>No se incluir\u00e1 ninguna manifestaci\u00f3n falsa, inexacta o incorrecta sobre Capybaras Agency ni sobre los servicios o contenidos del sitio web.<\/li>\n\n\n\n<li>Salvo aquellos signos que formen parte del hiperenlace, la p\u00e1gina web en la que se establezca no contendr\u00e1 ninguna marca, nombre comercial, r\u00f3tulo de establecimiento, denominaci\u00f3n, logotipo, eslogan u otros signos distintivos pertenecientes a Capybaras Agency, sin autorizaci\u00f3n expresa de \u00e9sta.<\/li>\n\n\n\n<li>El establecimiento del hiperenlace no implicar\u00e1 la existencia de relaciones entre Capybaras Agency y el titular de la p\u00e1gina web o del portal desde el cual se realice, ni el conocimiento y aceptaci\u00f3n de Capybaras Agency de los contenidos o servicios ofrecidos en dicho portal o p\u00e1gina web.<\/li>\n\n\n\n<li>Capybaras Agency no se hace responsable de los contenidos o servicios puestos a disposici\u00f3n del p\u00fablico en la p\u00e1gina web o portal desde el cual se realice el hiperenlace, ni de las informaciones y manifestaciones incluidas en los mismos.<\/li>\n<\/ul>\n\n<p>Los enlaces externos se proporcionan \u00fanicamente para la comodidad del usuario; no constituyen un respaldo o recomendaci\u00f3n.<\/p>\n\n<hr class=\"wp-block-separator has-alpha-channel-opacity\"\/>\n\n<h4 class=\"wp-block-heading\">6. DERECHO DE EXCLUSI\u00d3N<\/h4>\n\n<p>Capybaras Agency se reserva el derecho a denegar o retirar el acceso a su portal y\/o los servicios ofrecidos sin necesidad de preaviso, a instancia propia o de un tercero, a aquellos usuarios que incumplan las presentes Condiciones Generales de Uso.<\/p>\n\n<hr class=\"wp-block-separator has-alpha-channel-opacity\"\/>\n\n<h4 class=\"wp-block-heading\">7. GENERALIDADES<\/h4>\n\n<p>Capybaras Agency perseguir\u00e1 el incumplimiento de las presentes condiciones, as\u00ed como cualquier utilizaci\u00f3n indebida de su sitio web ejerciendo todas las acciones civiles y penales que le puedan corresponder en derecho.<\/p>\n\n<hr class=\"wp-block-separator has-alpha-channel-opacity\"\/>\n\n<h4 class=\"wp-block-heading\">8. MODIFICACI\u00d3N DE LAS PRESENTES CONDICIONES Y DURACI\u00d3N<\/h4>\n\n<p>Capybaras Agency podr\u00e1 modificar en cualquier momento las condiciones aqu\u00ed determinadas, siendo debidamente publicadas como aqu\u00ed aparecen. La vigencia de las citadas condiciones ir\u00e1 en funci\u00f3n de su exposici\u00f3n y estar\u00e1n vigentes hasta que sean modificadas por otras debidamente publicadas. <\/p>\n\n<hr class=\"wp-block-separator has-alpha-channel-opacity\"\/>\n\n<h4 class=\"wp-block-heading\">9. RECLAMACIONES Y DUDAS<\/h4>\n\n<p>Capybaras Agency pone a disposici\u00f3n de los usuarios\/clientes hojas de reclamaciones. Puede enviar un correo electr\u00f3nico a <a href=\"mailto:info@lightgreen-oryx-655438.hostingersite.com\" target=\"_blank\" rel=\"noreferrer noopener\">info@lightgreen-oryx-655438.hostingersite.com<\/a> incluyendo su nombre\/apellidos, producto\/servicio adquirido y los motivos de su reclamaci\u00f3n. <\/p>\n\n<hr class=\"wp-block-separator has-alpha-channel-opacity\"\/>\n\n<h4 class=\"wp-block-heading\">10. CONDICIONES DE VENTA<\/h4>\n\n<p>Las presentes condiciones generales regulan espec\u00edficamente los procesos de contrataci\u00f3n de los cursos\/productos online ofrecidos por Capybaras Agency en lightgreen-oryx-655438.hostingersite.com.<\/p>\n\n<p>Estas condiciones son v\u00e1lidas mientras sean accesibles a trav\u00e9s del sitio web, pero podr\u00e1n ser modificadas en cualquier momento sin previo aviso; el acceso continuado implica la aceptaci\u00f3n de cualquier cambio.<\/p>\n\n<p>Los clientes est\u00e1n sujetos a los t\u00e9rminos vigentes en el momento de la contrataci\u00f3n; ning\u00fan servicio puede ser contratado sin la aceptaci\u00f3n de estos t\u00e9rminos.<\/p>\n\n<p>Los productos\/servicios disponibles se describen en cada p\u00e1gina de venta.<\/p>\n\n<p><strong>M\u00e9todos de pago:<\/strong><\/p>\n\n<ul class=\"wp-block-list\">\n<li>Visa\/Mastercard\/American Express: Debe proporcionar el nombre del titular de la tarjeta, el n\u00famero de la tarjeta, la fecha de caducidad y el CVV.<\/li>\n\n\n\n<li>Todos los pagos se procesan a trav\u00e9s de pasarelas externas como Stripe (<a href=\"https:\/\/stripe.com\/\" target=\"_blank\" rel=\"noreferrer noopener\">https:\/\/stripe.com<\/a>) o PayPal (<a href=\"https:\/\/www.paypal.com\/\" target=\"_blank\" rel=\"noreferrer noopener\">https:\/\/www.paypal.com<\/a>).<\/li>\n\n\n\n<li>Los pagos normalmente le redirigen a un carrito que recopila la informaci\u00f3n necesaria a trav\u00e9s de plataformas como Thrive Cart.<\/li>\n<\/ul>\n\n<hr class=\"wp-block-separator has-alpha-channel-opacity\"\/>\n\n<h4 class=\"wp-block-heading\">11. CAUSAS DE RESOLUCI\u00d3N DEL CONTRATO<\/h4>\n\n<p>Cualquiera de las partes podr\u00e1 resolver el contrato de servicio en cualquier momento.<\/p>\n\n<p>No se exige un plazo m\u00ednimo; si no est\u00e1 satisfecho, puede cancelar en cualquier momento.<\/p>\n\n<p>Capybaras Agency podr\u00e1 resolver\/suspender los servicios inmediatamente y sin previo aviso si usted no cumple con estas condiciones.<\/p>\n\n<p>Tras la resoluci\u00f3n, su derecho a utilizar los servicios cesa inmediatamente.<\/p>\n\n<p>Las causas de resoluci\u00f3n del contrato incluyen:<\/p>\n\n<ul class=\"wp-block-list\">\n<li>Informaci\u00f3n falsa\/enga\u00f1osa durante el proceso de contrataci\u00f3n.<\/li>\n\n\n\n<li>Alterar, realizar ingenier\u00eda inversa, compilar, desensamblar o eludir la tecnolog\u00eda de seguridad utilizada por Capybaras Agency.<\/li>\n\n\n\n<li>Uso indebido\/abuso de los servicios de soporte fuera del horario contratado.<\/li>\n\n\n\n<li>Rese\u00f1as negativas falsas\/infundadas destinadas \u00fanicamente a da\u00f1ar la reputaci\u00f3n de Capybaras Agency.<\/li>\n\n\n\n<li>Cualquier incumplimiento de lo estipulado en estos t\u00e9rminos.<\/li>\n\n\n\n<li>La resoluci\u00f3n implica la p\u00e9rdida de los derechos sobre el servicio contratado.<\/li>\n<\/ul>\n\n<hr class=\"wp-block-separator has-alpha-channel-opacity\"\/>\n\n<p>Si tiene preguntas sobre estos t\u00e9rminos o desea ejercer sus derechos con respecto a los datos o servicios, p\u00f3ngase en contacto con nosotros en <a href=\"mailto:info@lightgreen-oryx-655438.hostingersite.com\" target=\"_blank\" rel=\"noreferrer noopener\">info@lightgreen-oryx-655438.hostingersite.com<\/a>.<\/p>\n","protected":false},"excerpt":{"rendered":"<p>1. AVISO LEGAL Y CONDICIONES DE USO 1.2. FINALIDAD DEL SITIO WEB Los servicios proporcionados por Capybaras Agency a trav\u00e9s de su sitio web (lightgreen-oryx-655438.hostingersite.com) incluyen: 1.3. USUARIOS El acceso y\/o uso de este sitio web atribuye la condici\u00f3n de USUARIO, quien acepta estas condiciones de uso desde el mismo momento del acceso y\/o uso. [&hellip;]<\/p>\n","protected":false},"author":1,"featured_media":0,"parent":0,"menu_order":0,"comment_status":"closed","ping_status":"closed","template":"","meta":{"_joinchat":[],"footnotes":"","tve_updated_post":"","tve_custom_css":"","tve_user_custom_css":"","tve_globals":{},"tcb2_ready":0,"tcb_editor_enabled":0,"tve_landing_page":"","_tve_header":"","_tve_footer":""},"categories":[],"tags":[118],"class_list":["post-10743","page","type-page","status-publish","hentry","tag-esp","post-wrapper","thrv_wrapper"],"_hostinger_reach_plugin_has_subscription_block":false,"_hostinger_reach_plugin_is_elementor":false,"_links":{"self":[{"href":"https:\/\/capybaras.agency\/es\/wp-json\/wp\/v2\/pages\/10743","targetHints":{"allow":["GET"]}}],"collection":[{"href":"https:\/\/capybaras.agency\/es\/wp-json\/wp\/v2\/pages"}],"about":[{"href":"https:\/\/capybaras.agency\/es\/wp-json\/wp\/v2\/types\/page"}],"author":[{"embeddable":true,"href":"https:\/\/capybaras.agency\/es\/wp-json\/wp\/v2\/users\/1"}],"replies":[{"embeddable":true,"href":"https:\/\/capybaras.agency\/es\/wp-json\/wp\/v2\/comments?post=10743"}],"version-history":[{"count":1,"href":"https:\/\/capybaras.agency\/es\/wp-json\/wp\/v2\/pages\/10743\/revisions"}],"predecessor-version":[{"id":10744,"href":"https:\/\/capybaras.agency\/es\/wp-json\/wp\/v2\/pages\/10743\/revisions\/10744"}],"wp:attachment":[{"href":"https:\/\/capybaras.agency\/es\/wp-json\/wp\/v2\/media?parent=10743"}],"wp:term":[{"taxonomy":"category","embeddable":true,"href":"https:\/\/capybaras.agency\/es\/wp-json\/wp\/v2\/categories?post=10743"},{"taxonomy":"post_tag","embeddable":true,"href":"https:\/\/capybaras.agency\/es\/wp-json\/wp\/v2\/tags?post=10743"}],"curies":[{"name":"wp","href":"https:\/\/api.w.org\/{rel}","templated":true}]}}