{"id":10741,"date":"2025-06-06T15:37:05","date_gmt":"2025-06-06T15:37:05","guid":{"rendered":"https:\/\/capybaras.agency\/privacidad\/"},"modified":"2025-10-21T17:49:19","modified_gmt":"2025-10-21T17:49:19","slug":"privacidad","status":"publish","type":"page","link":"https:\/\/capybaras.agency\/es\/privacidad\/","title":{"rendered":"Privacidad"},"content":{"rendered":"\n<p>Su privacidad es importante.<\/p>\n\n<p>En Capybaras Agency (lightgreen-oryx-655438.hostingersite.com y todos sus subdominios), respetamos y protegemos los datos personales de nuestros usuarios. Como usuario, sus derechos est\u00e1n garantizados y nos esforzamos por crear un espacio seguro y confiable. <\/p>\n\n<p>A continuaci\u00f3n, describimos c\u00f3mo Capybaras Agency recopila y utiliza la informaci\u00f3n sobre clientes, usuarios y suscriptores de este sitio web.<\/p>\n\n<p>Esta declaraci\u00f3n de privacidad explica qu\u00e9 datos personales recopilamos de los usuarios y c\u00f3mo los utilizamos. En Capybaras Agency, tratamos los datos personales con respeto y sensibilidad. <\/p>\n\n<p>Esta pol\u00edtica de privacidad, junto con nuestro aviso legal, pol\u00edtica de cookies, pol\u00edtica de ventas, t\u00e9rminos y condiciones, y cualquier otra pol\u00edtica a la que se haga referencia, identifica c\u00f3mo se recopilan y procesan los datos personales recibidos a trav\u00e9s de este sitio web.<\/p>\n\n<p>El contenido de este sitio web no est\u00e1 dirigido a ni\u00f1os. Se define como \u00abni\u00f1o\u00bb seg\u00fan la ley de la jurisdicci\u00f3n del usuario; en los Estados Unidos, esto significa cualquier persona menor de 13 a\u00f1os. Si cree que un ni\u00f1o ha proporcionado datos personales en este sitio web sin el consentimiento de sus padres, p\u00f3ngase en contacto con nosotros en info@lightgreen-oryx-655438.hostingersite.com.  <\/p>\n\n<p>Si tiene menos de 13 a\u00f1os, debe tener el permiso de su padre, madre o tutor legal para enviar informaci\u00f3n personal. Capybaras Agency no puede verificar eficazmente la edad de los usuarios y no se hace responsable si los usuarios no cumplen con estos requisitos. Cumplimos con la Ley de Protecci\u00f3n de la Privacidad en L\u00ednea de los Ni\u00f1os de 1998 (COPPA).  <\/p>\n\n<h4 class=\"wp-block-heading\">DATOS SOLICITADOS EN ESTE SITIO WEB Y FINALIDADES DEL TRATAMIENTO<\/h4>\n\n<ul class=\"wp-block-list\">\n<li><strong>Nombre, apellido y correo electr\u00f3nico en los formularios de contacto:<\/strong> Para la comunicaci\u00f3n directa con Capybaras Agency (preguntas, comentarios, sugerencias, solicitudes de servicios o productos u otra informaci\u00f3n). No proporcionar los datos m\u00ednimos requeridos nos impedir\u00e1 responder a su solicitud. <\/li>\n\n\n\n<li><strong>Nombre y correo electr\u00f3nico:<\/strong> Para habilitar los comentarios del blog.<\/li>\n\n\n\n<li><strong>Nombre, apellido, direcci\u00f3n, n\u00famero de tel\u00e9fono, correo electr\u00f3nico, NIF:<\/strong> Solicitados en el momento del pago del servicio para la gesti\u00f3n de clientes y la facturaci\u00f3n.<\/li>\n\n\n\n<li><strong>Nombre, n\u00famero de tel\u00e9fono y correo electr\u00f3nico para el bolet\u00edn informativo:<\/strong> Con consentimiento voluntario expreso, estos datos se recopilan para enviar boletines comerciales automatizados con informaci\u00f3n sobre los servicios o productos de Capybaras Agency.<\/li>\n\n\n\n<li><strong>Correo electr\u00f3nico:<\/strong> Se utiliza para acceder al \u00e1rea de clientes en funci\u00f3n de la informaci\u00f3n proporcionada durante la creaci\u00f3n de la cuenta.<\/li>\n<\/ul>\n\n<p>Capybaras Agency siempre se asegurar\u00e1 de que el uso del sitio web, el uso del contenido y el procesamiento de los datos personales de los usuarios se lleven a cabo correctamente. Los usuarios pueden ejercer sus derechos de acceso, rectificaci\u00f3n, limitaci\u00f3n, supresi\u00f3n, portabilidad, olvido u oposici\u00f3n al tratamiento de datos en cualquier momento escribiendo a info@lightgreen-oryx-655438.hostingersite.com. <\/p>\n\n<p><strong>Capybaras Agency no vende ni vender\u00e1 nunca los datos personales de los usuarios a otras empresas o terceros.<\/strong><\/p>\n\n<p>Solo compartiremos sus datos con terceros para cumplir con los servicios contratados, enviar boletines informativos, cumplir con los requisitos legales o administrar el sitio web. En tales casos, se establecer\u00e1n los acuerdos de confidencialidad apropiados. <\/p>\n\n<p>Los enlaces a sitios de terceros que se encuentran en este sitio web tienen pol\u00edticas de privacidad independientes de Capybaras Agency. El acceso a estos sitios es bajo el propio riesgo del usuario; es responsabilidad del usuario conocer y decidir si acepta esas pol\u00edticas. <\/p>\n\n<hr class=\"wp-block-separator has-alpha-channel-opacity\"\/>\n\n<h4 class=\"wp-block-heading\">FORMULARIOS<\/h4>\n\n<p>El sitio web tiene cuatro tipos de formularios:<\/p>\n\n<ol class=\"wp-block-list\">\n<li><strong>Formulario de contacto:<\/strong> Permite a los usuarios comunicarse con Capybaras Agency para preguntas, comentarios, presupuestos, reservas, solicitudes de servicios o solicitudes de derechos. Proporcionar los datos m\u00ednimos requeridos es necesario para una respuesta. El sitio web y los servidores de correo electr\u00f3nico act\u00faan como procesadores de datos.  <\/li>\n\n\n\n<li><strong>Formulario de publicidad:<\/strong> Los usuarios pueden dar su consentimiento expreso para proporcionar los datos m\u00ednimos necesarios para que Capybaras Agency pueda enviar publicidad e informaci\u00f3n comercial (gestionada por nuestro proveedor de marketing por correo electr\u00f3nico). Este tratamiento se basa en el consentimiento. <\/li>\n\n\n\n<li><strong>Formulario de comentarios del blog:<\/strong> Para evitar el spam y los mensajes inapropiados y para un seguimiento adecuado, solicitamos el nombre, el correo electr\u00f3nico y el sitio web del usuario para su identificaci\u00f3n en los comentarios del blog. Estos datos son visibles para otros usuarios del sitio. Si no desea que sus datos sean visibles para otros, p\u00f3ngase en contacto con info@lightgreen-oryx-655438.hostingersite.com. El tratamiento se basa en el consentimiento.   <\/li>\n\n\n\n<li><strong>Formulario de solicitud de servicio:<\/strong> Los datos se recopilan para que Capybaras Agency pueda procesar los servicios solicitados. El tratamiento es leg\u00edtimo debido a la relaci\u00f3n contractual con los clientes o participantes. Los datos se almacenan en el servidor del sitio web.  <\/li>\n<\/ol>\n\n<hr class=\"wp-block-separator has-alpha-channel-opacity\"\/>\n\n<h4 class=\"wp-block-heading\">DERECHOS DEL USUARIO<\/h4>\n\n<p>Los usuarios tienen los siguientes derechos con respecto a sus datos personales:<\/p>\n\n<ul class=\"wp-block-list\">\n<li><strong>Acceso:<\/strong> Saber qu\u00e9 datos hemos recopilado.<\/li>\n\n\n\n<li><strong>Rectificaci\u00f3n:<\/strong> Corregir sus datos proporcionados en cualquier momento.<\/li>\n\n\n\n<li><strong>Oposici\u00f3n:<\/strong> Solicitar el cese del tratamiento cuando no interrumpa un servicio o una obligaci\u00f3n legal.<\/li>\n\n\n\n<li><strong>Supresi\u00f3n:<\/strong> Solicitar la supresi\u00f3n de sus datos cuando sea posible.<\/li>\n\n\n\n<li><strong>Restricci\u00f3n:<\/strong> Solicitar un tratamiento limitado (por ejemplo, sin modificaci\u00f3n ni supresi\u00f3n).<\/li>\n\n\n\n<li><strong>Portabilidad:<\/strong> Solicitar una copia de sus datos en un formato estructurado o transferirlos a otro responsable del tratamiento (cuando sea posible y en funci\u00f3n del consentimiento o el contrato).<\/li>\n\n\n\n<li><strong>No ser objeto de decisiones automatizadas:<\/strong> Capybaras Agency no crea perfiles automatizados que afecten significativamente a los usuarios; cualquier toma de decisiones automatizada es solo para proporcionar la informaci\u00f3n solicitada de acuerdo con el uso del sitio.<\/li>\n\n\n\n<li><strong>Informaci\u00f3n:<\/strong> Saber c\u00f3mo se procesan sus datos.<\/li>\n<\/ul>\n\n<p>Para ejercer cualquiera de estos derechos, env\u00ede un correo electr\u00f3nico a info@lightgreen-oryx-655438.hostingersite.com.<\/p>\n\n<hr class=\"wp-block-separator has-alpha-channel-opacity\"\/>\n\n<h4 class=\"wp-block-heading\">PROCESADORES DE DATOS<\/h4>\n\n<p>Capybaras Agency conf\u00eda en terceros para proporcionar correctamente sus servicios\/productos; existen acuerdos de confidencialidad y se verifica el cumplimiento de las normas de protecci\u00f3n de datos. Los terceros no pueden utilizar los datos suministrados para fines no autorizados. <\/p>\n\n<p>Para mayor transparencia, estos terceros incluyen actualmente:<\/p>\n\n<ul class=\"wp-block-list\">\n<li><strong>Facebook (Meta):<\/strong> Red social, publicidad (incluyendo WhatsApp\/Instagram), an\u00e1lisis. Servidores ubicados en los EE. UU.  <a href=\"https:\/\/www.facebook.com\/\" target=\"_blank\" rel=\"noopener\">facebook.com<\/a><\/li>\n\n\n\n<li><strong>Google:<\/strong> Publicidad (Ads), an\u00e1lisis (Analytics), administrador de etiquetas. Con sede en EE. UU.  <a href=\"https:\/\/www.google.com\/\" target=\"_blank\" rel=\"noopener\">google.com<\/a><\/li>\n\n\n\n<li><strong>Instagram:<\/strong> Red social (Meta). Con sede en EE. UU.  <a href=\"https:\/\/instagram.com\/\" target=\"_blank\" rel=\"noopener\">instagram.com<\/a><\/li>\n\n\n\n<li><strong>LinkedIn:<\/strong> Red social\/publicidad empresarial. Con sede en EE. UU.  <a href=\"https:\/\/linkedin.com\/\" target=\"_blank\" rel=\"noopener\">linkedin.com<\/a><\/li>\n\n\n\n<li><strong>Twitter:<\/strong> Red social\/publicidad. Con sede en EE. UU.  <a href=\"https:\/\/twitter.com\/\" target=\"_blank\" rel=\"noopener\">twitter.com<\/a><\/li>\n\n\n\n<li><strong>TikTok:<\/strong> Red social\/aplicaci\u00f3n de v\u00eddeo. Con sede en Irlanda.  <a href=\"https:\/\/tiktok.com\/\" target=\"_blank\" rel=\"noopener\">tiktok.com<\/a><\/li>\n\n\n\n<li><strong>ConvertKit:<\/strong> Marketing por correo electr\u00f3nico\/gesti\u00f3n de clientes. Con sede en EE. UU.  <a href=\"https:\/\/convertkit.com\/\" target=\"_blank\" rel=\"noopener\">convertkit.com<\/a><\/li>\n\n\n\n<li><strong>Hostinger:<\/strong> Alojamiento web. Con sede en Chipre.  <a href=\"https:\/\/www.hostinger.com\/\" target=\"_blank\" rel=\"noopener\">hostinger.com<\/a><\/li>\n\n\n\n<li><strong>Bunny.net:<\/strong> Alojamiento web\/CDN. Con sede en Eslovenia.  <a href=\"https:\/\/bunny.net\/\" target=\"_blank\" rel=\"noopener\">bunny.net<\/a><\/li>\n\n\n\n<li><strong>ThriveCart:<\/strong> Herramienta de gesti\u00f3n de pagos de WebActix Ltd., con sede en Nueva Zelanda. <a href=\"https:\/\/thrivecart.com\/\" target=\"_blank\" rel=\"noopener\">thrivecart.com<\/a><\/li>\n\n\n\n<li><strong>Stripe:<\/strong> Pagos con tarjeta de cr\u00e9dito\/d\u00e9bito. Con sede en EE. UU.  <a href=\"https:\/\/stripe.com\/\" target=\"_blank\" rel=\"noopener\">stripe.com<\/a><\/li>\n\n\n\n<li><strong>PayPal:<\/strong> Pagos con tarjeta de cr\u00e9dito\/d\u00e9bito. Con sede en EE. UU. <a href=\"https:\/\/paypal.com\/\" target=\"_blank\" rel=\"noopener\">paypal.com<\/a><\/li>\n\n\n\n<li><strong>Facebook Pixel:<\/strong> An\u00e1lisis de publicidad de Meta (Facebook). Con sede en EE. UU.<\/li>\n\n\n\n<li><strong>WhatsApp:<\/strong> Herramienta de comunicaci\u00f3n (Meta). Con sede en EE. UU. <a href=\"https:\/\/www.whatsapp.com\/\" target=\"_blank\" rel=\"noopener\">whatsapp.com<\/a><\/li>\n\n\n\n<li><strong>Zoom:<\/strong> Herramienta de videoconferencia de Zoom Video Communications Inc., con sede en EE. UU. <a href=\"https:\/\/zoom.us\/\" target=\"_blank\" rel=\"noopener\">zoom.us<\/a><\/li>\n<\/ul>\n\n<p>Ocasionalmente, Capybaras Agency puede utilizar aplicaciones\/herramientas adicionales para tareas espec\u00edficas no enumeradas anteriormente; si es as\u00ed, se notificar\u00e1 a los usuarios seg\u00fan corresponda.<\/p>\n\n<hr class=\"wp-block-separator has-alpha-channel-opacity\"\/>\n\n<h4 class=\"wp-block-heading\">POL\u00cdTICA DE BOLETINES INFORMATIVOS<\/h4>\n\n<p>Estas pol\u00edticas se consideran complementarias a los t\u00e9rminos y condiciones del sitio web; ambos se aplican en caso de disputa. La pol\u00edtica de privacidad y propiedad intelectual de los boletines informativos coincide con la de los t\u00e9rminos\/condiciones.<\/p>\n\n<p>El \u00abbolet\u00edn informativo\u00bb se refiere al bolet\u00edn digital de Capybaras Agency que se env\u00eda peri\u00f3dicamente a trav\u00e9s de un proveedor de correo electr\u00f3nico externo al que los usuarios se suscriben voluntariamente.<\/p>\n\n<p>Capybaras Agency no tiene la obligaci\u00f3n de enviar boletines informativos a intervalos establecidos; puede hacerlo a su discreci\u00f3n. Los usuarios pueden ejercer los derechos de acceso\/rectificaci\u00f3n\/cancelaci\u00f3n\/oposici\u00f3n siguiendo las instrucciones que figuran en el pie de p\u00e1gina de cada bolet\u00edn informativo.<\/p>\n\n<p>Los usuarios no deben compartir el contenido del bolet\u00edn informativo con terceros; hacerlo infringe los derechos de autor de Capybaras Agency. Los \u00fanicos canales de distribuci\u00f3n autorizados son los gestionados\/autorizados por Capybaras Agency.<\/p>\n\n<p>Capybaras Agency no se hace responsable del contenido de terceros incluido en los boletines informativos; las disputas deben dirigirse directamente a dicho tercero o empresa.<\/p>\n\n<p>Todo el material del bolet\u00edn informativo est\u00e1 protegido por derechos de autor a favor de Capybaras Agency o se utiliza bajo acuerdo con su propietario.<\/p>\n\n<hr class=\"wp-block-separator has-alpha-channel-opacity\"\/>\n\n<h4 class=\"wp-block-heading\">INTER\u00c9S LEG\u00cdTIMO<\/h4>\n\n<p>Al lanzar nuevos productos\/servicios o promociones especiales (por tiempo limitado), podemos recopilar el nombre\/correo electr\u00f3nico a trav\u00e9s de formularios basados en el inter\u00e9s leg\u00edtimo de Capybaras Agency en aumentar las ventas y cumplir con las obligaciones de informaci\u00f3n como se prometi\u00f3 en el sitio web.<\/p>\n\n<p>Este tratamiento continuar\u00e1 mientras exista nuestro inter\u00e9s leg\u00edtimo. Para respetar a\u00fan m\u00e1s la privacidad, se proporcionan opciones sencillas para darse de baja en la parte inferior de cada correo electr\u00f3nico de marketing.<\/p>\n\n<p>Para obtener m\u00e1s informaci\u00f3n sobre c\u00f3mo se ha equilibrado el inter\u00e9s leg\u00edtimo con los derechos del usuario, puede solicitar nuestra evaluaci\u00f3n enviando un correo electr\u00f3nico a info@lightgreen-oryx-655438.hostingersite.com.<\/p>\n\n<hr class=\"wp-block-separator has-alpha-channel-opacity\"\/>\n\n<h4 class=\"wp-block-heading\">CONSERVACI\u00d3N DE DATOS<\/h4>\n\n<p>Para fines de facturaci\u00f3n\/compra: los datos personales se conservan durante el tiempo que lo exija la ley.<\/p>\n\n<p>Para boletines informativos\/comentarios del blog: los datos se conservan mientras permanezca en la lista de suscripci\u00f3n; puede darse de baja en cualquier momento autom\u00e1ticamente a trav\u00e9s de cada bolet\u00edn informativo o enviando un correo electr\u00f3nico a info@lightgreen-oryx-655438.hostingersite.com.<\/p>\n\n<hr class=\"wp-block-separator has-alpha-channel-opacity\"\/>\n\n<h4 class=\"wp-block-heading\">RESIDENTES DE CALIFORNIA<\/h4>\n\n<p>Capybaras Agency cumple con la Ley de Privacidad del Consumidor de California de 2018 (CCPA). Los residentes de California tienen derecho a solicitar la divulgaci\u00f3n de qu\u00e9 informaci\u00f3n personal se ha recopilado\/utilizado\/divulgado\/vendido durante los 12 meses anteriores. Para ejercer estos derechos, incluida la supresi\u00f3n o la oposici\u00f3n al tratamiento, env\u00ede un correo electr\u00f3nico a info@lightgreen-oryx-655438.hostingersite.com.<\/p>\n\n<hr class=\"wp-block-separator has-alpha-channel-opacity\"\/>\n\n<h4 class=\"wp-block-heading\">RESIDENTES DE LA UNI\u00d3N EUROPEA<\/h4>\n\n<p>En virtud del art\u00edculo 27 del Reglamento (UE) 2016\/679 (RGPD), todas las personas tienen derecho a saber si se est\u00e1n tratando sus datos personales y pueden:<\/p>\n\n<ul class=\"wp-block-list\">\n<li>Solicitar el acceso a sus datos personales.<\/li>\n\n\n\n<li>Solicitar la correcci\u00f3n o supresi\u00f3n.<\/li>\n\n\n\n<li>Solicitar la restricci\u00f3n del tratamiento.<\/li>\n\n\n\n<li>Oponerse al tratamiento.<\/li>\n\n\n\n<li>Solicitar la portabilidad de los datos.<\/li>\n<\/ul>\n\n<p>Puede acceder a sus datos, corregir las inexactitudes o solicitar la supresi\u00f3n cuando ya no sean necesarios para sus fines originales. En determinadas circunstancias, puede restringir el tratamiento u oponerse por motivos relacionados con su situaci\u00f3n; Capybaras Agency dejar\u00e1 de tratar los datos a menos que existan razones leg\u00edtimas imperiosas o para fines de defensa legal.<\/p>\n\n<p>Tiene derecho a recibir una copia de sus datos personales en un formato estructurado (cuando sea t\u00e9cnicamente posible) en funci\u00f3n del consentimiento o la ejecuci\u00f3n del contrato.<\/p>\n\n<hr class=\"wp-block-separator has-alpha-channel-opacity\"\/>\n\n<h4 class=\"wp-block-heading\">CAMBIOS EN ESTA POL\u00cdTICA DE PRIVACIDAD<\/h4>\n\n<p>Capybaras Agency se reserva el derecho de modificar esta pol\u00edtica para reflejar los cambios legislativos o las mejores pr\u00e1cticas de la industria. Los cambios se anunciar\u00e1n aqu\u00ed antes de su implementaci\u00f3n.<\/p>\n","protected":false},"excerpt":{"rendered":"<p>Su privacidad es importante. En Capybaras Agency (lightgreen-oryx-655438.hostingersite.com y todos sus subdominios), respetamos y protegemos los datos personales de nuestros usuarios. Como usuario, sus derechos est\u00e1n garantizados y nos esforzamos por crear un espacio seguro y confiable. A continuaci\u00f3n, describimos c\u00f3mo Capybaras Agency recopila y utiliza la informaci\u00f3n sobre clientes, usuarios y suscriptores de este [&hellip;]<\/p>\n","protected":false},"author":1,"featured_media":0,"parent":0,"menu_order":0,"comment_status":"closed","ping_status":"closed","template":"","meta":{"_joinchat":[],"footnotes":"","tve_updated_post":"","tve_custom_css":"","tve_user_custom_css":"","tve_globals":{},"tcb2_ready":0,"tcb_editor_enabled":0,"tve_landing_page":"","_tve_header":"","_tve_footer":""},"categories":[],"tags":[118],"class_list":["post-10741","page","type-page","status-publish","hentry","tag-esp","post-wrapper","thrv_wrapper"],"_hostinger_reach_plugin_has_subscription_block":false,"_hostinger_reach_plugin_is_elementor":false,"_links":{"self":[{"href":"https:\/\/capybaras.agency\/es\/wp-json\/wp\/v2\/pages\/10741","targetHints":{"allow":["GET"]}}],"collection":[{"href":"https:\/\/capybaras.agency\/es\/wp-json\/wp\/v2\/pages"}],"about":[{"href":"https:\/\/capybaras.agency\/es\/wp-json\/wp\/v2\/types\/page"}],"author":[{"embeddable":true,"href":"https:\/\/capybaras.agency\/es\/wp-json\/wp\/v2\/users\/1"}],"replies":[{"embeddable":true,"href":"https:\/\/capybaras.agency\/es\/wp-json\/wp\/v2\/comments?post=10741"}],"version-history":[{"count":1,"href":"https:\/\/capybaras.agency\/es\/wp-json\/wp\/v2\/pages\/10741\/revisions"}],"predecessor-version":[{"id":10742,"href":"https:\/\/capybaras.agency\/es\/wp-json\/wp\/v2\/pages\/10741\/revisions\/10742"}],"wp:attachment":[{"href":"https:\/\/capybaras.agency\/es\/wp-json\/wp\/v2\/media?parent=10741"}],"wp:term":[{"taxonomy":"category","embeddable":true,"href":"https:\/\/capybaras.agency\/es\/wp-json\/wp\/v2\/categories?post=10741"},{"taxonomy":"post_tag","embeddable":true,"href":"https:\/\/capybaras.agency\/es\/wp-json\/wp\/v2\/tags?post=10741"}],"curies":[{"name":"wp","href":"https:\/\/api.w.org\/{rel}","templated":true}]}}