{"id":10731,"date":"2025-06-05T12:08:05","date_gmt":"2025-06-05T12:08:05","guid":{"rendered":"https:\/\/capybaras.agency\/acerca-de-capybaras-agency\/"},"modified":"2025-10-21T18:45:46","modified_gmt":"2025-10-21T18:45:46","slug":"acerca-de-capybaras-agency","status":"publish","type":"page","link":"https:\/\/capybaras.agency\/es\/acerca-de-capybaras-agency\/","title":{"rendered":"Acerca de Capybaras"},"content":{"rendered":"<h1 style=\"color: var(--tcb-skin-color-32) !important; --tcb-applied-color: var$(--tcb-skin-color-32) !important;\">Tus socios de confianza para <strong><span style=\"--tcb-applied-color: var$(--tcb-skin-color-0) !important; color: var(--tcb-skin-color-0) !important;\">impulsar el crecimiento de tu marca<\/span><\/strong><\/h1>\n<p><!--! Font Awesome Free 6.7.1 by @fontawesome - https:\/\/fontawesome.com License - https:\/\/fontawesome.com\/license\/free (Icons: CC BY 4.0, Fonts: SIL OFL 1.1, Code: MIT License) Copyright 2024 Fonticons, Inc. --><\/p>\n<h2 style=\"text-align: center; color: rgb(0, 0, 0) !important; --tcb-applied-color: rgb(0, 0, 0) !important;\">El puente que conecta la publicidad de retail Estados Unidos y Latinoam\u00e9rica<\/h2>\n<p style=\"text-align: center;\">Somos el puente que conecta la publicidad retail entre EE. UU. y Latinoam\u00e9rica: no solo como agencia especializada en Amazon, sino como expertos en m\u00faltiples marketplaces de la regi\u00f3n.<\/p>\n<p style=\"text-align: center;\">\n<p style=\"text-align: center;\">Ayudamos a las empresas a detectar oportunidades de crecimiento, ponerlas en marcha y medir los resultados para impulsar un \u00e9xito sostenible en el entorno digital.<\/p>\n<h2 style=\"color: rgb(0, 0, 0) !important; --tcb-applied-color: rgb(0, 0, 0) !important;\"><strong>\u00bfPor qu\u00e9 capybaras?<\/strong><\/h2>\n<p style=\"color: rgb(0, 0, 0) !important; --tcb-applied-color: rgb(0, 0, 0) !important;\">Al igual que los carpinchos est\u00e1n profundamente vinculados a su entorno, tu marca tambi\u00e9n se conecta estrechamente con los agentes locales que la configuran, ampl\u00edan y protegen con soluciones llave en mano.<\/p>\n<p style=\"color: rgb(0, 0, 0) !important; --tcb-applied-color: rgb(0, 0, 0) !important;\">Nuestra misi\u00f3n es ayudar a las marcas a alcanzar su m\u00e1ximo potencial mediante estrategias a medida y soluciones innovadoras que impulsen el crecimiento y el \u00e9xito a largo plazo.<\/p>\n<p><span><img decoding=\"async\" alt=\"\" data-id=\"9650\" width=\"400\" data-init-width=\"657\" height=\"468\" data-init-height=\"768\" title=\"latam\" loading=\"lazy\" src=\"https:\/\/capybaras.agency\/wp-content\/uploads\/2025\/06\/latam.png\" data-width=\"400\" data-height=\"468\" style=\"aspect-ratio: auto 657 \/ 768;\"><\/span><\/p>\n<h2 style=\"color: var(--tcb-skin-color-32) !important; --tcb-applied-color: var$(--tcb-skin-color-32) !important;\"><strong>EE. UU. y Latinoam\u00e9rica<\/strong><\/h2>\n<p style=\"color: var(--tcb-skin-color-32) !important; --tcb-applied-color: var$(--tcb-skin-color-32) !important;\">\u200bCombining international expertise with deep local market knowledge, we help brands expand and thrive in an ever-evolving digital landscape.<\/p>\n<p style=\"color: var(--tcb-skin-color-32) !important; --tcb-applied-color: var$(--tcb-skin-color-32) !important;\">Aprovechamos nuestra experiencia y un profundo conocimiento del comportamiento del cliente tanto en Estados Unidos como en Latinoam\u00e9rica, as\u00ed como de sus requisitos de importaci\u00f3n, para impulsar tu \u00e9xito.<\/p>\n<h2 style=\"\">Maestr\u00eda Multicanal<\/h2>\n<p style=\"\">\u200bAs\u00ed como los capibaras prosperan en distintos entornos, impulsamos los ingresos y la rentabilidad de tu marca navegando con solvencia m\u00faltiples marketplaces, como Amazon y Mercado Libre.<\/p>\n<p style=\"\">Somos especialistas en marketplaces y colaboramos con las principales plataformas tanto en Estados Unidos como en Latinoam\u00e9rica.<\/p>\n<p><span><img decoding=\"async\" alt=\"AMZ HIT Partner Verificado\" data-id=\"5666\" width=\"94\" data-init-width=\"500\" height=\"67\" data-init-height=\"357\" title=\"AMZ HIT Partner Verificado\" loading=\"lazy\" src=\"https:\/\/capybaras.agency\/wp-content\/uploads\/2023\/07\/6439aa0151cb2f72586ea899_Icon_Amazon-Verified-Partner-p-500.png\" data-width=\"94\" data-height=\"67\" style=\"aspect-ratio: auto 500 \/ 357;\"><\/span><span><img decoding=\"async\" alt=\"\" data-id=\"9519\" width=\"94\" data-init-width=\"183\" height=\"76\" data-init-height=\"148\" title=\"mercado-libre\" loading=\"lazy\" src=\"https:\/\/capybaras.agency\/wp-content\/uploads\/2025\/05\/mercado-libre-e1748204347855.png\" data-width=\"94\" data-height=\"76\" style=\"aspect-ratio: auto 183 \/ 148;\"><\/span><span><img decoding=\"async\" alt=\"\" data-id=\"3404\" width=\"106\" data-init-width=\"3840\" height=\"60\" data-init-height=\"2160\" title=\"Walmart-Logo\" loading=\"lazy\" src=\"https:\/\/capybaras.agency\/wp-content\/uploads\/2023\/06\/Walmart-Logo.png\" data-width=\"106\" data-height=\"60\" style=\"aspect-ratio: auto 3840 \/ 2160;\"><\/span><span><img decoding=\"async\" alt=\"\" data-id=\"9523\" width=\"94\" data-init-width=\"2560\" height=\"22\" data-init-height=\"608\" title=\"Liverpool_logo.svg\" loading=\"lazy\" src=\"https:\/\/capybaras.agency\/wp-content\/uploads\/2025\/05\/Liverpool_logo.svg.png\" data-width=\"94\" data-height=\"22\" style=\"aspect-ratio: auto 2560 \/ 608;\"><\/span><span><img decoding=\"async\" alt=\"\" data-id=\"9522\" width=\"106\" data-init-width=\"1296\" height=\"75\" data-init-height=\"915\" title=\"coppel-logo\" loading=\"lazy\" src=\"https:\/\/capybaras.agency\/wp-content\/uploads\/2025\/05\/coppel-logo-e1748204387102.webp\" data-width=\"106\" data-height=\"75\" style=\"aspect-ratio: auto 1296 \/ 915;\"><\/span><\/p>\n<h2 style=\"text-align: center;\"><strong>Con la confianza de m\u00e1s de 50 marcas, impulsamos el \u00e9xito en Amazon EE. UU. y la expansi\u00f3n a nuevos mercados y canales.<\/strong><\/h2>\n<p> <span> <img decoding=\"async\" alt=\"\" data-id=\"3383\" width=\"600\" height=\"200\" title=\"6\" src=\"https:\/\/capybaras.agency\/wp-content\/uploads\/2023\/06\/6-300x100.png\" data-src=\"https:\/\/capybaras.agency\/wp-content\/uploads\/2023\/06\/6-300x100.png\" loading=\"lazy\" data-sizes=\"{&quot;thumbnail&quot;:{&quot;height&quot;:150,&quot;width&quot;:150,&quot;url&quot;:&quot;https:\/\/capybaras.agency\/wp-content\/uploads\/2023\/06\/6-150x150.png&quot;,&quot;orientation&quot;:&quot;landscape&quot;},&quot;medium&quot;:{&quot;height&quot;:100,&quot;width&quot;:300,&quot;url&quot;:&quot;https:\/\/capybaras.agency\/wp-content\/uploads\/2023\/06\/6-300x100.png&quot;,&quot;orientation&quot;:&quot;landscape&quot;},&quot;full&quot;:{&quot;url&quot;:&quot;https:\/\/capybaras.agency\/wp-content\/uploads\/2023\/06\/6.png&quot;,&quot;height&quot;:200,&quot;width&quot;:600,&quot;orientation&quot;:&quot;landscape&quot;}}\" style=\"\"> <\/span>  <span> <img decoding=\"async\" alt=\"\" data-id=\"10147\" width=\"256\" height=\"88\" title=\"lovetodream-LOGO\" src=\"https:\/\/capybaras.agency\/wp-content\/uploads\/2025\/09\/lovetodream-LOGO-e1756831730284.webp\" data-src=\"https:\/\/capybaras.agency\/wp-content\/uploads\/2025\/09\/lovetodream-LOGO-e1756831730284.webp\" loading=\"lazy\" data-sizes=\"{&quot;thumbnail&quot;:{&quot;height&quot;:88,&quot;width&quot;:150,&quot;url&quot;:&quot;https:\/\/capybaras.agency\/wp-content\/uploads\/2025\/09\/lovetodream-LOGO-e1756831730284-150x88.webp&quot;,&quot;orientation&quot;:&quot;landscape&quot;},&quot;full&quot;:{&quot;url&quot;:&quot;https:\/\/capybaras.agency\/wp-content\/uploads\/2025\/09\/lovetodream-LOGO-e1756831730284.webp&quot;,&quot;height&quot;:88,&quot;width&quot;:256,&quot;orientation&quot;:&quot;landscape&quot;}}\" style=\"\"> <\/span>  <span> <img decoding=\"async\" alt=\"\" data-id=\"10148\" width=\"\" height=\"undefined\" title=\"logo-dermaglos\" src=\"https:\/\/capybaras.agency\/wp-content\/uploads\/2025\/09\/logo-dermaglos.svg\" data-src=\"https:\/\/capybaras.agency\/wp-content\/uploads\/2025\/09\/logo-dermaglos.svg\" loading=\"lazy\" data-sizes=\"{&quot;full&quot;:{&quot;url&quot;:&quot;https:\/\/capybaras.agency\/wp-content\/uploads\/2025\/09\/logo-dermaglos.svg&quot;}}\" style=\"\"> <\/span>  <span> <img decoding=\"async\" alt=\"\" data-id=\"10150\" width=\"400\" height=\"70\" title=\"logo-havanna\" src=\"https:\/\/capybaras.agency\/wp-content\/uploads\/2025\/09\/logo-havanna-300x53.webp\" data-src=\"https:\/\/capybaras.agency\/wp-content\/uploads\/2025\/09\/logo-havanna-300x53.webp\" loading=\"lazy\" data-sizes=\"{&quot;thumbnail&quot;:{&quot;height&quot;:70,&quot;width&quot;:150,&quot;url&quot;:&quot;https:\/\/capybaras.agency\/wp-content\/uploads\/2025\/09\/logo-havanna-150x70.webp&quot;,&quot;orientation&quot;:&quot;landscape&quot;},&quot;medium&quot;:{&quot;height&quot;:53,&quot;width&quot;:300,&quot;url&quot;:&quot;https:\/\/capybaras.agency\/wp-content\/uploads\/2025\/09\/logo-havanna-300x53.webp&quot;,&quot;orientation&quot;:&quot;landscape&quot;},&quot;full&quot;:{&quot;url&quot;:&quot;https:\/\/capybaras.agency\/wp-content\/uploads\/2025\/09\/logo-havanna.webp&quot;,&quot;height&quot;:70,&quot;width&quot;:400,&quot;orientation&quot;:&quot;landscape&quot;}}\" style=\"\"> <\/span>  <span> <img decoding=\"async\" alt=\"\" data-id=\"10152\" width=\"1000\" height=\"500\" title=\"logo-un-mate-1\" src=\"https:\/\/capybaras.agency\/wp-content\/uploads\/2025\/09\/logo-un-mate-1-300x150.jpg\" data-src=\"https:\/\/capybaras.agency\/wp-content\/uploads\/2025\/09\/logo-un-mate-1-300x150.jpg\" loading=\"lazy\" data-sizes=\"{&quot;thumbnail&quot;:{&quot;height&quot;:150,&quot;width&quot;:150,&quot;url&quot;:&quot;https:\/\/capybaras.agency\/wp-content\/uploads\/2025\/09\/logo-un-mate-1-150x150.jpg&quot;,&quot;orientation&quot;:&quot;landscape&quot;},&quot;medium&quot;:{&quot;height&quot;:150,&quot;width&quot;:300,&quot;url&quot;:&quot;https:\/\/capybaras.agency\/wp-content\/uploads\/2025\/09\/logo-un-mate-1-300x150.jpg&quot;,&quot;orientation&quot;:&quot;landscape&quot;},&quot;full&quot;:{&quot;url&quot;:&quot;https:\/\/capybaras.agency\/wp-content\/uploads\/2025\/09\/logo-un-mate-1.jpg&quot;,&quot;height&quot;:500,&quot;width&quot;:1000,&quot;orientation&quot;:&quot;landscape&quot;}}\" style=\"\"> <\/span>  <span> <img decoding=\"async\" alt=\"\" data-id=\"3382\" width=\"600\" height=\"200\" title=\"7\" src=\"https:\/\/capybaras.agency\/wp-content\/uploads\/2023\/06\/7-300x100.png\" data-src=\"https:\/\/capybaras.agency\/wp-content\/uploads\/2023\/06\/7-300x100.png\" loading=\"lazy\" data-sizes=\"{&quot;thumbnail&quot;:{&quot;height&quot;:150,&quot;width&quot;:150,&quot;url&quot;:&quot;https:\/\/capybaras.agency\/wp-content\/uploads\/2023\/06\/7-150x150.png&quot;,&quot;orientation&quot;:&quot;landscape&quot;},&quot;medium&quot;:{&quot;height&quot;:100,&quot;width&quot;:300,&quot;url&quot;:&quot;https:\/\/capybaras.agency\/wp-content\/uploads\/2023\/06\/7-300x100.png&quot;,&quot;orientation&quot;:&quot;landscape&quot;},&quot;full&quot;:{&quot;url&quot;:&quot;https:\/\/capybaras.agency\/wp-content\/uploads\/2023\/06\/7.png&quot;,&quot;height&quot;:200,&quot;width&quot;:600,&quot;orientation&quot;:&quot;landscape&quot;}}\" style=\"\"> <\/span>  <span> <img decoding=\"async\" alt=\"\" data-id=\"10153\" width=\"440\" height=\"86\" title=\"wamery_solo_trans\" src=\"https:\/\/capybaras.agency\/wp-content\/uploads\/2025\/09\/wamery_solo_trans-300x59.avif\" data-src=\"https:\/\/capybaras.agency\/wp-content\/uploads\/2025\/09\/wamery_solo_trans-300x59.avif\" loading=\"lazy\" data-sizes=\"{&quot;thumbnail&quot;:{&quot;height&quot;:86,&quot;width&quot;:150,&quot;url&quot;:&quot;https:\/\/capybaras.agency\/wp-content\/uploads\/2025\/09\/wamery_solo_trans-150x86.avif&quot;,&quot;orientation&quot;:&quot;landscape&quot;},&quot;medium&quot;:{&quot;height&quot;:59,&quot;width&quot;:300,&quot;url&quot;:&quot;https:\/\/capybaras.agency\/wp-content\/uploads\/2025\/09\/wamery_solo_trans-300x59.avif&quot;,&quot;orientation&quot;:&quot;landscape&quot;},&quot;full&quot;:{&quot;url&quot;:&quot;https:\/\/capybaras.agency\/wp-content\/uploads\/2025\/09\/wamery_solo_trans.avif&quot;,&quot;height&quot;:86,&quot;width&quot;:440,&quot;orientation&quot;:&quot;landscape&quot;}}\" style=\"\"> <\/span>  <span> <img decoding=\"async\" alt=\"\" data-id=\"10193\" width=\"\" height=\"undefined\" title=\"Mott and Bow - Logo\" src=\"https:\/\/capybaras.agency\/wp-content\/uploads\/2025\/09\/Mott-and-Bow-Logo.svg\" data-src=\"https:\/\/capybaras.agency\/wp-content\/uploads\/2025\/09\/Mott-and-Bow-Logo.svg\" loading=\"lazy\" data-sizes=\"{&quot;full&quot;:{&quot;url&quot;:&quot;https:\/\/capybaras.agency\/wp-content\/uploads\/2025\/09\/Mott-and-Bow-Logo.svg&quot;}}\" style=\"\"> <\/span>  <span> <img decoding=\"async\" alt=\"\" data-id=\"10197\" width=\"200\" height=\"100\" title=\"logo_bee\" src=\"https:\/\/capybaras.agency\/wp-content\/uploads\/2025\/09\/logo_bee.png\" data-src=\"https:\/\/capybaras.agency\/wp-content\/uploads\/2025\/09\/logo_bee.png\" loading=\"lazy\" data-sizes=\"{&quot;thumbnail&quot;:{&quot;height&quot;:100,&quot;width&quot;:150,&quot;url&quot;:&quot;https:\/\/capybaras.agency\/wp-content\/uploads\/2025\/09\/logo_bee-150x100.png&quot;,&quot;orientation&quot;:&quot;landscape&quot;},&quot;full&quot;:{&quot;url&quot;:&quot;https:\/\/capybaras.agency\/wp-content\/uploads\/2025\/09\/logo_bee.png&quot;,&quot;height&quot;:100,&quot;width&quot;:200,&quot;orientation&quot;:&quot;landscape&quot;}}\" style=\"\"> <\/span>  <span> <img decoding=\"async\" alt=\"\" data-id=\"10198\" width=\"200\" height=\"100\" title=\"lgo_lovie\" src=\"https:\/\/capybaras.agency\/wp-content\/uploads\/2025\/09\/lgo_lovie.png\" data-src=\"https:\/\/capybaras.agency\/wp-content\/uploads\/2025\/09\/lgo_lovie.png\" loading=\"lazy\" data-sizes=\"{&quot;thumbnail&quot;:{&quot;height&quot;:100,&quot;width&quot;:150,&quot;url&quot;:&quot;https:\/\/capybaras.agency\/wp-content\/uploads\/2025\/09\/lgo_lovie-150x100.png&quot;,&quot;orientation&quot;:&quot;landscape&quot;},&quot;full&quot;:{&quot;url&quot;:&quot;https:\/\/capybaras.agency\/wp-content\/uploads\/2025\/09\/lgo_lovie.png&quot;,&quot;height&quot;:100,&quot;width&quot;:200,&quot;orientation&quot;:&quot;landscape&quot;}}\" style=\"\"> <\/span> __CONFIG_group_edit__{\u00abkv0t8c2g\u00bb:{\u00abname\u00bb:\u00bbAll Column(s)\u00bb,\u00bbsingular\u00bb:\u00bb&#8211; Column %s\u00bb},\u00bbkv0t8gnc\u00bb:{\u00abname\u00bb:\u00bbAll Columns(s)\u00bb,\u00bbsingular\u00bb:\u00bb&#8211; Columns %s\u00bb}}__CONFIG_group_edit____CONFIG_local_colors__{\u00abcolors\u00bb:{\u00ab980aa\u00bb:\u00bbStark White\u00bb,\u00bbd56ca\u00bb:\u00bbBunker\u00bb},\u00bbgradients\u00bb:{}}__CONFIG_local_colors__     <span style=\"\">Customers served!<\/span> <span data-anim=\"ticker\" data-refresh-interval=\"10\" data-from=\"30\" data-formatted-from=\"30\" data-to=\"100\" data-final-number=\"100\" data-decimals=\"0\" data-thousand-divider=\",\" data-decimal-character=\".\" data-speed=\"1007\" style=\"\"> <span style=\"display: inline;\">$<\/span> <span style=\"\">30<\/span> <span style=\"\">M+<\/span> <\/span> <span style=\"\">&nbsp;en ventas <strong>gestoinadas cada a\u00f1o.<\/strong><\/span>  <span style=\"\">Customers served!<\/span> <span data-anim=\"ticker\" data-refresh-interval=\"10\" data-from=\"1\" data-formatted-from=\"1\" data-to=\"18\" data-final-number=\"18\" data-decimals=\"0\" data-thousand-divider=\",\" data-decimal-character=\".\" data-speed=\"1007\" style=\"\"> <span style=\"display: inline;\">$<\/span> <span style=\"\">30<\/span> <span style=\"\">M<\/span> <\/span> <span style=\"\">en&nbsp;<strong>Ads.<\/strong><\/span>  <span style=\"\">Customers served!<\/span> <span data-anim=\"ticker\" data-refresh-interval=\"10\" data-from=\"2\" data-formatted-from=\"2\" data-to=\"20\" data-final-number=\"20\" data-decimals=\"0\" data-thousand-divider=\",\" data-decimal-character=\".\" data-speed=\"1007\" style=\"\"> <span style=\"display: inline;\"><\/span> <span style=\"\">30<\/span> <span style=\"display: inline;\">+<\/span> <\/span> <span style=\"\">&nbsp;<strong>categor\u00edas<\/strong> gestionadas.<\/span>   <\/p>\n<h2 style=\"text-align: center; color: rgb(0, 0, 0) !important; --tcb-applied-color: rgb(0, 0, 0) !important;\"><span style=\"font-weight: normal;\">Qu\u00e9 dicen nuestros clientes<\/span> sobre nosotros<\/h2>\n<p><span><img decoding=\"async\" alt=\"\" data-id=\"10166\" width=\"60\" data-init-width=\"689\" height=\"60\" data-init-height=\"689\" title=\"testimonial_mariano_o\" loading=\"lazy\" src=\"https:\/\/capybaras.agency\/wp-content\/uploads\/2025\/09\/testimonial_mariano_o.png\" data-width=\"60\" data-height=\"60\" style=\"aspect-ratio: auto 689 \/ 689;\"><\/span><\/p>\n<p style=\"\">Mariano Oliva<\/p>\n<p style=\"\">CEO en HAVANNA USA<\/p>\n<p style=\"color: var(--tcb-skin-color-0) !important; --tcb-applied-color: var$(--tcb-skin-color-0) !important;\"><span style=\"--tcb-applied-color: var$(--tcb-skin-color-0) !important;\">\u201c<\/span><\/p>\n<p style=\"color: rgb(0, 0, 0) !important; --tcb-applied-color: rgb(0, 0, 0) !important;\">Nuestra experiencia con Capybaras ha sido excelente desde el inicio. Nos brindaron un equipo profesional dedicado y con el conocimiento y talento clave para el \u00e9xito en la gesti\u00f3n comercial en Amazon. Gracias a la ayuda de Capybaras tuvimos un crecimiento muy importante en ventas y mejoras en todas las m\u00e9tricas que Amazon eval\u00faa.<\/p>\n<p><span><img decoding=\"async\" alt=\"\" data-id=\"10167\" width=\"60\" data-init-width=\"740\" height=\"60\" data-init-height=\"740\" title=\"testimonial_martin_s\" loading=\"lazy\" src=\"https:\/\/capybaras.agency\/wp-content\/uploads\/2025\/09\/testimonial_martin_s.png\" data-width=\"60\" data-height=\"60\" style=\"aspect-ratio: auto 740 \/ 740;\"><\/span><\/p>\n<p style=\"\">Mart\u00edn Sanchez<\/p>\n<p style=\"\">IBD en Laboratorios Andr\u00f3maco<\/p>\n<p style=\"color: var(--tcb-skin-color-0) !important; --tcb-applied-color: var$(--tcb-skin-color-0) !important;\"><span style=\"--tcb-applied-color: var$(--tcb-skin-color-0) !important;\">\u201c<\/span><\/p>\n<p style=\"color: rgb(0, 0, 0) !important; --tcb-applied-color: rgb(0, 0, 0) !important;\">En Andr\u00f3maco nos apoyamos en Capybaras para desarrollar nuestro negocio en Amazon. Cuentan con un gran equipo, experimentado, s\u00faper solvente y din\u00e1mico, con el que venimos avanzando a paso firme y ya podemos ver muy buenos resultados. Sus recomendaciones son acertadas y son de gran ayuda para transitar con mayor seguridad este camino, novedoso para nosotros.<\/p>\n<p><span><img decoding=\"async\" alt=\"\" data-id=\"10168\" width=\"60\" data-init-width=\"757\" height=\"60\" data-init-height=\"757\" title=\"testimonial_jeremy\" loading=\"lazy\" src=\"https:\/\/capybaras.agency\/wp-content\/uploads\/2025\/09\/testimonial_jeremy.png\" data-width=\"60\" data-height=\"60\" style=\"aspect-ratio: auto 757 \/ 757;\"><\/span><\/p>\n<p style=\"\">Jeremy Kraayenbrink<\/p>\n<p style=\"\">Co-Founder en Un Mate<\/p>\n<p style=\"color: var(--tcb-skin-color-0) !important; --tcb-applied-color: var$(--tcb-skin-color-0) !important;\"><span style=\"--tcb-applied-color: var$(--tcb-skin-color-0) !important;\">\u201c<\/span><\/p>\n<p style=\"color: rgb(0, 0, 0) !important; --tcb-applied-color: rgb(0, 0, 0) !important;\">En Un Mate nos destacamos por ser exigentes y detallistas al crear y desarrollar nuevos productos, evaluamos cada detalle. Con Capybaras encontramos un aliado que nos acompa\u00f1\u00f3 desde el dise\u00f1o industrial hasta el sourcing en China, con calidad y compromiso en cada etapa del proyecto.<\/p>\n<h2 style=\"text-align: center; color: rgb(0, 0, 0) !important; --tcb-applied-color: rgb(0, 0, 0) !important;\">Las personas detr\u00e1s de los resultados<\/h2>\n<p><span><img decoding=\"async\" alt=\"\" data-id=\"10470\" width=\"551\" data-init-width=\"1000\" height=\"385\" data-init-height=\"700\" title=\"1.Casa de campo\" loading=\"lazy\" src=\"https:\/\/capybaras.agency\/wp-content\/uploads\/2025\/09\/1.Casa-de-campo.png\" data-width=\"551\" data-height=\"385\" style=\"aspect-ratio: auto 1000 \/ 700;\"><\/span><span><img decoding=\"async\" alt=\"\" data-id=\"10469\" width=\"551\" data-init-width=\"1000\" height=\"385\" data-init-height=\"700\" title=\"2.Our Team\" loading=\"lazy\" src=\"https:\/\/capybaras.agency\/wp-content\/uploads\/2025\/09\/2.Our-Team.png\" data-width=\"551\" data-height=\"385\" style=\"aspect-ratio: auto 1000 \/ 700;\"><\/span><\/p>\n<h2 style=\"\">C\u00f3mo trabajamos<\/h2>\n<p style=\"\">01.<\/p>\n<h5 style=\"\">Equipo multidisciplinar<\/h5>\n<p style=\"\">Acceso a un equipo de profesionales de distintas disciplinas, cada uno con habilidades especializadas para garantizar el \u00e9xito en la plataforma.<\/p>\n<p style=\"\">02.<\/p>\n<h5>Innovaci\u00f3n continua<\/h5>\n<p style=\"\">Networking constante y estar al d\u00eda de las \u00faltimas tendencias para mantenernos a la vanguardia del sector.<\/p>\n<p style=\"\">03.<\/p>\n<h5 style=\"\">Herramientas innovadoras<\/h5>\n<p style=\"\">Disponemos de herramientas de an\u00e1lisis y gesti\u00f3n avanzadas, as\u00ed como de software y tecnolog\u00eda para escalar el negocio.<\/p>\n<p style=\"\">04.<\/p>\n<h5>Partners verificados<\/h5>\n<p style=\"\">Somos partners certificados por Amazon. Somos el socio que estabas buscando.<\/p>\n<p><span><img decoding=\"async\" alt=\"freddy neuman amzHIT vende en Amazon\" data-id=\"6267\" width=\"250\" data-init-width=\"500\" height=\"250\" data-init-height=\"500\" title=\"freddy neuman amzHIT\" loading=\"lazy\" src=\"https:\/\/capybaras.agency\/wp-content\/uploads\/2023\/08\/freddy-neuman.png\" data-width=\"250\" data-height=\"250\" style=\"aspect-ratio: auto 500 \/ 500;\"><\/span><\/p>\n<p style=\"text-align: center;\">CEO<\/p>\n<p style=\"text-align: center;\">Freddy Neuman<\/p>\n<h3 style=\"color: rgb(0, 0, 0) !important; --tcb-applied-color: rgb(0, 0, 0) !important;\"><strong>Nuestra historia<\/strong><\/h3>\n<p><span style=\"--tcb-applied-color: rgb(0, 0, 0) !important; color: rgb(0, 0, 0) !important;\">Capybaras.agency, anteriormente amzHIT, naci\u00f3 en 2017 con el objetivo de ayudar a las marcas a triunfar en Amazon y en el mercado de comercio electr\u00f3nico de Estados Unidos. Empezamos acompa\u00f1ando a peque\u00f1as empresas en el modelo Private Label FBA de Amazon, gan\u00e1ndonos r\u00e1pidamente una reputaci\u00f3n por nuestros resultados.A medida que crec\u00eda la demanda, ampliamos nuestros servicios y formamos un equipo multicultural en Latinoam\u00e9rica, aprovechando el talento de la regi\u00f3n y su compatibilidad horaria con EE. UU. para ofrecer un servicio de primer nivel a tarifas competitivas.Hoy, con un equipo de m\u00e1s de 15 especialistas, nos enfocamos en el e-commerce directo al consumidor, colaborando con startups, marcas consolidadas y empresas latinoamericanas que quieren entrar en el mercado estadounidense, tratando cada proyecto como si fuera propio.Nuestra nueva identidad como Capybaras.agency refleja nuestros valores de adaptabilidad, trabajo en equipo e innovaci\u00f3n. Seguimos apoyando a marcas ambiciosas, impulsando su crecimiento y creando oportunidades transfronterizas.<\/span><\/p>\n<p><a href=\"https:\/\/www.linkedin.com\/company\/capybaras-agency\/\" target=\"_blank\" rel=\"nofollow noopener\" data-dynamic-link=\"thrive_global_fields_url\" data-shortcode-id=\"in\" data-id=\"icon-linkedin\"><span>                     <\/span><\/a><\/p>\n<h2 style=\"text-align: center;\">Tu marca, <strong>nuestra misi\u00f3n.<\/strong><\/h2>\n","protected":false},"excerpt":{"rendered":"<p>Tus socios de confianza para impulsar el crecimiento de tu marca El puente que conecta la publicidad de retail Estados Unidos y Latinoam\u00e9rica Somos el puente que conecta la publicidad retail entre EE. UU. y Latinoam\u00e9rica: no solo como agencia especializada en Amazon, sino como expertos en m\u00faltiples marketplaces de la regi\u00f3n. Ayudamos a las [&hellip;]<\/p>\n","protected":false},"author":1,"featured_media":0,"parent":0,"menu_order":0,"comment_status":"closed","ping_status":"closed","template":"","meta":{"_joinchat":[],"footnotes":"","tve_updated_post":"","tve_custom_css":"","tve_user_custom_css":"","tve_globals":{},"tcb2_ready":1,"tcb_editor_enabled":1,"tve_landing_page":"abe1eb2c4880d67f0874de0e15ab176f","_tve_header":"9960","_tve_footer":"9423"},"categories":[],"tags":[117,118],"class_list":["post-10731","page","type-page","status-publish","hentry","tag-eng","tag-esp","post-wrapper","thrv_wrapper"],"_hostinger_reach_plugin_has_subscription_block":false,"_hostinger_reach_plugin_is_elementor":false,"_links":{"self":[{"href":"https:\/\/capybaras.agency\/es\/wp-json\/wp\/v2\/pages\/10731","targetHints":{"allow":["GET"]}}],"collection":[{"href":"https:\/\/capybaras.agency\/es\/wp-json\/wp\/v2\/pages"}],"about":[{"href":"https:\/\/capybaras.agency\/es\/wp-json\/wp\/v2\/types\/page"}],"author":[{"embeddable":true,"href":"https:\/\/capybaras.agency\/es\/wp-json\/wp\/v2\/users\/1"}],"replies":[{"embeddable":true,"href":"https:\/\/capybaras.agency\/es\/wp-json\/wp\/v2\/comments?post=10731"}],"version-history":[{"count":7,"href":"https:\/\/capybaras.agency\/es\/wp-json\/wp\/v2\/pages\/10731\/revisions"}],"predecessor-version":[{"id":10875,"href":"https:\/\/capybaras.agency\/es\/wp-json\/wp\/v2\/pages\/10731\/revisions\/10875"}],"wp:attachment":[{"href":"https:\/\/capybaras.agency\/es\/wp-json\/wp\/v2\/media?parent=10731"}],"wp:term":[{"taxonomy":"category","embeddable":true,"href":"https:\/\/capybaras.agency\/es\/wp-json\/wp\/v2\/categories?post=10731"},{"taxonomy":"post_tag","embeddable":true,"href":"https:\/\/capybaras.agency\/es\/wp-json\/wp\/v2\/tags?post=10731"}],"curies":[{"name":"wp","href":"https:\/\/api.w.org\/{rel}","templated":true}]}}