{"id":10676,"date":"2025-05-14T11:44:51","date_gmt":"2025-05-14T11:44:51","guid":{"rendered":"https:\/\/capybaras.agency\/agencia-capybaras\/"},"modified":"2026-04-23T18:48:32","modified_gmt":"2026-04-23T18:48:32","slug":"agencia-capybaras","status":"publish","type":"page","link":"https:\/\/capybaras.agency\/es\/","title":{"rendered":"Agencia Capybaras"},"content":{"rendered":"<h1 style=\"color: var(--tcb-skin-color-32) !important; --tcb-applied-color: var$(--tcb-skin-color-32) !important;\"><strong>Potencia el crecimiento de tu marca en Amazon y Marketplaces<\/strong><\/h1>\n<h6 style=\"\">Ayudamos a marcas en expansi\u00f3n a escalar sus ventas con estrategia, datos y un equipo de primer nivel. Desde la publicidad hasta la operaci\u00f3n, nuestro enfoque 360\u00b0 maximiza el crecimiento integr\u00e1ndose de manera fluida con tu negocio.<\/h6>\n<p> <span> <img decoding=\"async\" alt=\"\" data-id=\"3383\" width=\"600\" height=\"200\" title=\"6\" src=\"https:\/\/capybaras.agency\/wp-content\/uploads\/2023\/06\/6-300x100.png\" data-src=\"https:\/\/capybaras.agency\/wp-content\/uploads\/2023\/06\/6-300x100.png\" loading=\"lazy\" data-sizes=\"{&quot;thumbnail&quot;:{&quot;height&quot;:150,&quot;width&quot;:150,&quot;url&quot;:&quot;https:\/\/capybaras.agency\/wp-content\/uploads\/2023\/06\/6-150x150.png&quot;,&quot;orientation&quot;:&quot;landscape&quot;},&quot;medium&quot;:{&quot;height&quot;:100,&quot;width&quot;:300,&quot;url&quot;:&quot;https:\/\/capybaras.agency\/wp-content\/uploads\/2023\/06\/6-300x100.png&quot;,&quot;orientation&quot;:&quot;landscape&quot;},&quot;full&quot;:{&quot;url&quot;:&quot;https:\/\/capybaras.agency\/wp-content\/uploads\/2023\/06\/6.png&quot;,&quot;height&quot;:200,&quot;width&quot;:600,&quot;orientation&quot;:&quot;landscape&quot;}}\" style=\"\"> <\/span>  <span> <img decoding=\"async\" alt=\"\" data-id=\"10147\" width=\"256\" height=\"88\" title=\"lovetodream-LOGO\" src=\"https:\/\/capybaras.agency\/wp-content\/uploads\/2025\/09\/lovetodream-LOGO-e1756831730284.webp\" data-src=\"https:\/\/capybaras.agency\/wp-content\/uploads\/2025\/09\/lovetodream-LOGO-e1756831730284.webp\" loading=\"lazy\" data-sizes=\"{&quot;thumbnail&quot;:{&quot;height&quot;:88,&quot;width&quot;:150,&quot;url&quot;:&quot;https:\/\/capybaras.agency\/wp-content\/uploads\/2025\/09\/lovetodream-LOGO-e1756831730284-150x88.webp&quot;,&quot;orientation&quot;:&quot;landscape&quot;},&quot;full&quot;:{&quot;url&quot;:&quot;https:\/\/capybaras.agency\/wp-content\/uploads\/2025\/09\/lovetodream-LOGO-e1756831730284.webp&quot;,&quot;height&quot;:88,&quot;width&quot;:256,&quot;orientation&quot;:&quot;landscape&quot;}}\" style=\"\"> <\/span>  <span> <img decoding=\"async\" alt=\"\" data-id=\"10148\" width=\"\" height=\"undefined\" title=\"logo-dermaglos\" src=\"https:\/\/capybaras.agency\/wp-content\/uploads\/2025\/09\/logo-dermaglos.svg\" data-src=\"https:\/\/capybaras.agency\/wp-content\/uploads\/2025\/09\/logo-dermaglos.svg\" loading=\"lazy\" data-sizes=\"{&quot;full&quot;:{&quot;url&quot;:&quot;https:\/\/capybaras.agency\/wp-content\/uploads\/2025\/09\/logo-dermaglos.svg&quot;}}\" style=\"\"> <\/span>  <span> <img decoding=\"async\" alt=\"\" data-id=\"10150\" width=\"400\" height=\"70\" title=\"logo-havanna\" src=\"https:\/\/capybaras.agency\/wp-content\/uploads\/2025\/09\/logo-havanna-300x53.webp\" data-src=\"https:\/\/capybaras.agency\/wp-content\/uploads\/2025\/09\/logo-havanna-300x53.webp\" loading=\"lazy\" data-sizes=\"{&quot;thumbnail&quot;:{&quot;height&quot;:70,&quot;width&quot;:150,&quot;url&quot;:&quot;https:\/\/capybaras.agency\/wp-content\/uploads\/2025\/09\/logo-havanna-150x70.webp&quot;,&quot;orientation&quot;:&quot;landscape&quot;},&quot;medium&quot;:{&quot;height&quot;:53,&quot;width&quot;:300,&quot;url&quot;:&quot;https:\/\/capybaras.agency\/wp-content\/uploads\/2025\/09\/logo-havanna-300x53.webp&quot;,&quot;orientation&quot;:&quot;landscape&quot;},&quot;full&quot;:{&quot;url&quot;:&quot;https:\/\/capybaras.agency\/wp-content\/uploads\/2025\/09\/logo-havanna.webp&quot;,&quot;height&quot;:70,&quot;width&quot;:400,&quot;orientation&quot;:&quot;landscape&quot;}}\" style=\"\"> <\/span>  <span> <img decoding=\"async\" alt=\"\" data-id=\"10152\" width=\"1000\" height=\"500\" title=\"logo-un-mate-1\" src=\"https:\/\/capybaras.agency\/wp-content\/uploads\/2025\/09\/logo-un-mate-1-300x150.jpg\" data-src=\"https:\/\/capybaras.agency\/wp-content\/uploads\/2025\/09\/logo-un-mate-1-300x150.jpg\" loading=\"lazy\" data-sizes=\"{&quot;thumbnail&quot;:{&quot;height&quot;:150,&quot;width&quot;:150,&quot;url&quot;:&quot;https:\/\/capybaras.agency\/wp-content\/uploads\/2025\/09\/logo-un-mate-1-150x150.jpg&quot;,&quot;orientation&quot;:&quot;landscape&quot;},&quot;medium&quot;:{&quot;height&quot;:150,&quot;width&quot;:300,&quot;url&quot;:&quot;https:\/\/capybaras.agency\/wp-content\/uploads\/2025\/09\/logo-un-mate-1-300x150.jpg&quot;,&quot;orientation&quot;:&quot;landscape&quot;},&quot;full&quot;:{&quot;url&quot;:&quot;https:\/\/capybaras.agency\/wp-content\/uploads\/2025\/09\/logo-un-mate-1.jpg&quot;,&quot;height&quot;:500,&quot;width&quot;:1000,&quot;orientation&quot;:&quot;landscape&quot;}}\" style=\"\"> <\/span>  <span> <img decoding=\"async\" alt=\"\" data-id=\"3382\" width=\"600\" height=\"200\" title=\"7\" src=\"https:\/\/capybaras.agency\/wp-content\/uploads\/2023\/06\/7-300x100.png\" data-src=\"https:\/\/capybaras.agency\/wp-content\/uploads\/2023\/06\/7-300x100.png\" loading=\"lazy\" data-sizes=\"{&quot;thumbnail&quot;:{&quot;height&quot;:150,&quot;width&quot;:150,&quot;url&quot;:&quot;https:\/\/capybaras.agency\/wp-content\/uploads\/2023\/06\/7-150x150.png&quot;,&quot;orientation&quot;:&quot;landscape&quot;},&quot;medium&quot;:{&quot;height&quot;:100,&quot;width&quot;:300,&quot;url&quot;:&quot;https:\/\/capybaras.agency\/wp-content\/uploads\/2023\/06\/7-300x100.png&quot;,&quot;orientation&quot;:&quot;landscape&quot;},&quot;full&quot;:{&quot;url&quot;:&quot;https:\/\/capybaras.agency\/wp-content\/uploads\/2023\/06\/7.png&quot;,&quot;height&quot;:200,&quot;width&quot;:600,&quot;orientation&quot;:&quot;landscape&quot;}}\" style=\"\"> <\/span>  <span> <img decoding=\"async\" alt=\"\" data-id=\"10153\" width=\"440\" height=\"86\" title=\"wamery_solo_trans\" src=\"https:\/\/capybaras.agency\/wp-content\/uploads\/2025\/09\/wamery_solo_trans-300x59.avif\" data-src=\"https:\/\/capybaras.agency\/wp-content\/uploads\/2025\/09\/wamery_solo_trans-300x59.avif\" loading=\"lazy\" data-sizes=\"{&quot;thumbnail&quot;:{&quot;height&quot;:86,&quot;width&quot;:150,&quot;url&quot;:&quot;https:\/\/capybaras.agency\/wp-content\/uploads\/2025\/09\/wamery_solo_trans-150x86.avif&quot;,&quot;orientation&quot;:&quot;landscape&quot;},&quot;medium&quot;:{&quot;height&quot;:59,&quot;width&quot;:300,&quot;url&quot;:&quot;https:\/\/capybaras.agency\/wp-content\/uploads\/2025\/09\/wamery_solo_trans-300x59.avif&quot;,&quot;orientation&quot;:&quot;landscape&quot;},&quot;full&quot;:{&quot;url&quot;:&quot;https:\/\/capybaras.agency\/wp-content\/uploads\/2025\/09\/wamery_solo_trans.avif&quot;,&quot;height&quot;:86,&quot;width&quot;:440,&quot;orientation&quot;:&quot;landscape&quot;}}\" style=\"\"> <\/span>  <span> <img decoding=\"async\" alt=\"\" data-id=\"10193\" width=\"\" height=\"undefined\" title=\"Mott and Bow - Logo\" src=\"https:\/\/capybaras.agency\/wp-content\/uploads\/2025\/09\/Mott-and-Bow-Logo.svg\" data-src=\"https:\/\/capybaras.agency\/wp-content\/uploads\/2025\/09\/Mott-and-Bow-Logo.svg\" loading=\"lazy\" data-sizes=\"{&quot;full&quot;:{&quot;url&quot;:&quot;https:\/\/capybaras.agency\/wp-content\/uploads\/2025\/09\/Mott-and-Bow-Logo.svg&quot;}}\" style=\"\"> <\/span>  <span> <img decoding=\"async\" alt=\"\" data-id=\"10197\" width=\"200\" height=\"100\" title=\"logo_bee\" src=\"https:\/\/capybaras.agency\/wp-content\/uploads\/2025\/09\/logo_bee.png\" data-src=\"https:\/\/capybaras.agency\/wp-content\/uploads\/2025\/09\/logo_bee.png\" loading=\"lazy\" data-sizes=\"{&quot;thumbnail&quot;:{&quot;height&quot;:100,&quot;width&quot;:150,&quot;url&quot;:&quot;https:\/\/capybaras.agency\/wp-content\/uploads\/2025\/09\/logo_bee-150x100.png&quot;,&quot;orientation&quot;:&quot;landscape&quot;},&quot;full&quot;:{&quot;url&quot;:&quot;https:\/\/capybaras.agency\/wp-content\/uploads\/2025\/09\/logo_bee.png&quot;,&quot;height&quot;:100,&quot;width&quot;:200,&quot;orientation&quot;:&quot;landscape&quot;}}\" style=\"\"> <\/span>  <span> <img decoding=\"async\" alt=\"\" data-id=\"10198\" width=\"200\" height=\"100\" title=\"lgo_lovie\" src=\"https:\/\/capybaras.agency\/wp-content\/uploads\/2025\/09\/lgo_lovie.png\" data-src=\"https:\/\/capybaras.agency\/wp-content\/uploads\/2025\/09\/lgo_lovie.png\" loading=\"lazy\" data-sizes=\"{&quot;thumbnail&quot;:{&quot;height&quot;:100,&quot;width&quot;:150,&quot;url&quot;:&quot;https:\/\/capybaras.agency\/wp-content\/uploads\/2025\/09\/lgo_lovie-150x100.png&quot;,&quot;orientation&quot;:&quot;landscape&quot;},&quot;full&quot;:{&quot;url&quot;:&quot;https:\/\/capybaras.agency\/wp-content\/uploads\/2025\/09\/lgo_lovie.png&quot;,&quot;height&quot;:100,&quot;width&quot;:200,&quot;orientation&quot;:&quot;landscape&quot;}}\" style=\"\"> <\/span> <\/p>\n<h2 style=\"color: rgb(0, 0, 0) !important; --tcb-applied-color: rgb(0, 0, 0) !important;\">Somos<strong>Capybaras Agency<\/strong><\/h2>\n<p style=\"color: rgb(0, 0, 0) !important; --tcb-applied-color: rgb(0, 0, 0) !important;\">Antes AMZHIT, hoy somos Capybaras: un equipo con m\u00e1s de 9 a\u00f1os de experiencia, gestionando millones en ventas y presupuesto publicitario en Amazon y en los marketplaces m\u00e1s relevantes.<\/p>\n<p style=\"color: rgb(0, 0, 0) !important; --tcb-applied-color: rgb(0, 0, 0) !important;\">Combinamos nuestra experiencia con un profundo entendimiento del comportamiento del consumidor en EE.UU. y Latinoam\u00e9rica, ayudando a las marcas a escalar de manera rentable en Amazon y en marketplaces de alto crecimiento.<\/p>\n<p><span><img decoding=\"async\" alt=\"AMZ HIT Partner Verificado\" data-id=\"5666\" width=\"94\" data-init-width=\"500\" height=\"67\" data-init-height=\"357\" title=\"AMZ HIT Partner Verificado\" loading=\"lazy\" src=\"https:\/\/capybaras.agency\/wp-content\/uploads\/2023\/07\/6439aa0151cb2f72586ea899_Icon_Amazon-Verified-Partner-p-500.png\" data-width=\"94\" data-height=\"67\" style=\"aspect-ratio: auto 500 \/ 357;\"><\/span><span><img decoding=\"async\" alt=\"\" data-id=\"9519\" width=\"94\" data-init-width=\"183\" height=\"76\" data-init-height=\"148\" title=\"mercado-libre\" loading=\"lazy\" src=\"https:\/\/capybaras.agency\/wp-content\/uploads\/2025\/05\/mercado-libre-e1748204347855.png\" data-width=\"94\" data-height=\"76\" style=\"aspect-ratio: auto 183 \/ 148;\"><\/span><span><img decoding=\"async\" alt=\"\" data-id=\"3404\" width=\"106\" data-init-width=\"3840\" height=\"60\" data-init-height=\"2160\" title=\"Walmart-Logo\" loading=\"lazy\" src=\"https:\/\/capybaras.agency\/wp-content\/uploads\/2023\/06\/Walmart-Logo.png\" data-width=\"106\" data-height=\"60\" style=\"aspect-ratio: auto 3840 \/ 2160;\"><\/span><span><img decoding=\"async\" alt=\"\" data-id=\"9523\" width=\"94\" data-init-width=\"2560\" height=\"22\" data-init-height=\"608\" title=\"Liverpool_logo.svg\" loading=\"lazy\" src=\"https:\/\/capybaras.agency\/wp-content\/uploads\/2025\/05\/Liverpool_logo.svg.png\" data-width=\"94\" data-height=\"22\" style=\"aspect-ratio: auto 2560 \/ 608;\"><\/span><span><img decoding=\"async\" alt=\"\" data-id=\"9522\" width=\"106\" data-init-width=\"1296\" height=\"75\" data-init-height=\"915\" title=\"coppel-logo\" loading=\"lazy\" src=\"https:\/\/capybaras.agency\/wp-content\/uploads\/2025\/05\/coppel-logo-e1748204387102.webp\" data-width=\"106\" data-height=\"75\" style=\"aspect-ratio: auto 1296 \/ 915;\"><\/span>__CONFIG_group_edit__{\u00abkv0t8c2g\u00bb:{\u00abname\u00bb:\u00bbAll Column(s)\u00bb,\u00bbsingular\u00bb:\u00bb&#8211; Column %s\u00bb},\u00bbkv0t8gnc\u00bb:{\u00abname\u00bb:\u00bbAll Columns(s)\u00bb,\u00bbsingular\u00bb:\u00bb&#8211; Columns %s\u00bb}}__CONFIG_group_edit____CONFIG_local_colors__{\u00abcolors\u00bb:{\u00ab980aa\u00bb:\u00bbStark White\u00bb,\u00bbd56ca\u00bb:\u00bbBunker\u00bb},\u00bbgradients\u00bb:{}}__CONFIG_local_colors__     <span style=\"\">Customers served!<\/span> <span data-anim=\"ticker\" data-refresh-interval=\"10\" data-from=\"30\" data-formatted-from=\"30\" data-to=\"100\" data-final-number=\"100\" data-decimals=\"0\" data-thousand-divider=\",\" data-decimal-character=\".\" data-speed=\"1007\" style=\"\"> <span style=\"display: inline;\">$<\/span> <span style=\"\">30<\/span> <span style=\"\">M+<\/span> <\/span> <span style=\"\">&nbsp;en ventas <strong>gestoinadas cada a\u00f1o.<\/strong><\/span>  <span style=\"\">Customers served!<\/span> <span data-anim=\"ticker\" data-refresh-interval=\"10\" data-from=\"1\" data-formatted-from=\"1\" data-to=\"18\" data-final-number=\"18\" data-decimals=\"0\" data-thousand-divider=\",\" data-decimal-character=\".\" data-speed=\"1007\" style=\"\"> <span style=\"display: inline;\">$<\/span> <span style=\"\">30<\/span> <span style=\"\">M<\/span> <\/span> <span style=\"\">en&nbsp;<strong>Ads.<\/strong><\/span>  <span style=\"\">Customers served!<\/span> <span data-anim=\"ticker\" data-refresh-interval=\"10\" data-from=\"2\" data-formatted-from=\"2\" data-to=\"20\" data-final-number=\"20\" data-decimals=\"0\" data-thousand-divider=\",\" data-decimal-character=\".\" data-speed=\"1007\" style=\"\"> <span style=\"display: inline;\"><\/span> <span style=\"\">30<\/span> <span style=\"display: inline;\">+<\/span> <\/span> <span style=\"\">&nbsp;<strong>categor\u00edas<\/strong> gestionadas.<\/span>   <\/p>\n<h2 style=\"text-align: center;\"><span style=\"--tcb-gradient-text-value: linear-gradient(90deg, rgb(0, 0, 0) 0%, rgb(255, 51, 0) 100%);\">Nuestros servicios: <span style=\"font-weight: normal;\">expertise en marketing para marketplaces con soporte integral<\/span><\/span><\/h2>\n<p><span><img decoding=\"async\" alt=\"\" data-id=\"10042\" width=\"90\" data-init-width=\"336\" height=\"90\" data-init-height=\"335\" title=\"Shopping Cart\" loading=\"lazy\" src=\"https:\/\/capybaras.agency\/wp-content\/uploads\/2025\/08\/Shopping-Cart.png\" data-width=\"90\" data-height=\"90\" style=\"aspect-ratio: auto 336 \/ 335;\"><\/span><\/p>\n<h6 style=\"text-align: center;\">Amazon Solutions<\/h6>\n<p style=\"text-align: center;\">Desde PPC hasta A+ Content, todas las palancas de Amazon para maximizar ventas y rentabilidad.<\/p>\n<p><span><img decoding=\"async\" alt=\"\" data-id=\"10052\" width=\"90\" data-init-width=\"336\" height=\"90\" data-init-height=\"335\" title=\"Worldwide Shipping\" loading=\"lazy\" src=\"https:\/\/capybaras.agency\/wp-content\/uploads\/2025\/08\/Worldwide-Shipping.png\" data-width=\"90\" data-height=\"90\" style=\"aspect-ratio: auto 336 \/ 335;\"><\/span><\/p>\n<h6 style=\"text-align: center;\">Marketplaces<\/h6>\n<p style=\"text-align: center;\">Vende m\u00e1s en Mercado Libre, Walmart, TikTok, Coppel y Liverpool con estrategias probadas.<\/p>\n<p><span><img decoding=\"async\" alt=\"\" data-id=\"10038\" width=\"90\" data-init-width=\"335\" height=\"90\" data-init-height=\"335\" title=\"Sales Analytics\" loading=\"lazy\" src=\"https:\/\/capybaras.agency\/wp-content\/uploads\/2025\/08\/Sales-Analytics.png\" data-width=\"90\" data-height=\"90\" style=\"aspect-ratio: auto 335 \/ 335;\"><\/span><\/p>\n<h6 style=\"text-align: center;\">Growth &amp; Performance<\/h6>\n<p style=\"text-align: center;\">Estrategias omnicanal que conectan tr\u00e1fico externo con tus listings en marketplaces.<\/p>\n<h2 style=\"\">Tu marca, <strong>nuestra misi\u00f3n.<\/strong><\/h2>\n<h3 style=\"\"><strong>\u00bfPor qu\u00e9 elegir Capybaras?<\/strong><strong>&nbsp;<\/strong><span>Porque vamos m\u00e1s all\u00e1 de las campa\u00f1as: nos convertimos en parte de tu equipo, impulsando el crecimiento con experiencia comprobada.<\/span><\/h3>\n<p style=\"\">Tratamos cada proyecto como propio, con talento de primer nivel en las zonas horarias de EE.UU. y LATAM. Nuestra misi\u00f3n es ayudar a las marcas a crecer sin fronteras, generando impacto en los negocios y oportunidades en nuestra regi\u00f3n. Gracias por considerarnos. \u00a1Crezcamos juntos!<\/p>\n<p><span><img decoding=\"async\" alt=\"freddy neuman amzHIT vende en Amazon\" data-id=\"6267\" width=\"54\" data-init-width=\"500\" height=\"54\" data-init-height=\"500\" title=\"freddy neuman amzHIT\" loading=\"lazy\" src=\"https:\/\/capybaras.agency\/wp-content\/uploads\/2023\/08\/freddy-neuman.png\" data-width=\"54\" data-height=\"54\" style=\"aspect-ratio: auto 500 \/ 500;\"><\/span><\/p>\n<h6><strong>Freddy Neuman<\/strong><\/h6>\n<h6 style=\"\">CEO<\/h6>\n<p><!--! Font Awesome Free 6.7.1 by @fontawesome - https:\/\/fontawesome.com License - https:\/\/fontawesome.com\/license\/free (Icons: CC BY 4.0, Fonts: SIL OFL 1.1, Code: MIT License) Copyright 2024 Fonticons, Inc. --><\/p>\n<h6 style=\"color: rgb(0, 0, 0) !important; --tcb-applied-color: rgb(0, 0, 0) !important;\">Constructores de mercado en EE.UU. y LATAM<\/h6>\n<p style=\"\">Estrategias de go-to-market a medida en los principales marketplaces.<\/p>\n<h6 style=\"color: rgb(0, 0, 0) !important; --tcb-applied-color: rgb(0, 0, 0) !important;\">Dominio multicanal<\/h6>\n<p style=\"\">Expertise en Amazon, Mercado Libre, Walmart, TikTok y m\u00e1s.<\/p>\n<p><!--! Font Awesome Free 6.7.1 by @fontawesome - https:\/\/fontawesome.com License - https:\/\/fontawesome.com\/license\/free (Icons: CC BY 4.0, Fonts: SIL OFL 1.1, Code: MIT License) Copyright 2024 Fonticons, Inc. --><\/p>\n<h6 style=\"color: rgb(0, 0, 0) !important; --tcb-applied-color: rgb(0, 0, 0) !important;\">Conexi\u00f3n local<\/h6>\n<p style=\"\">Un equipo que entiende la din\u00e1mica de negocios de LATAM y los requisitos de EE.UU.<\/p>\n<p><!--! Font Awesome Free 6.7.1 by @fontawesome - https:\/\/fontawesome.com License - https:\/\/fontawesome.com\/license\/free (Icons: CC BY 4.0, Fonts: SIL OFL 1.1, Code: MIT License) Copyright 2024 Fonticons, Inc. --><\/p>\n<h6 style=\"color: rgb(0, 0, 0) !important; --tcb-applied-color: rgb(0, 0, 0) !important;\">An\u00e1lisis profundo<\/h6>\n<p style=\"\">Estudio de nicho, competencia e insights de cliente antes de la ejecuci\u00f3n.<\/p>\n<h6 style=\"color: rgb(0, 0, 0) !important; --tcb-applied-color: rgb(0, 0, 0) !important;\">Planificaci\u00f3n estrat\u00e9gica<\/h6>\n<p style=\"\">Planes escalables alineados con los objetivos de crecimiento.<\/p>\n<h2 style=\"color: rgb(0, 0, 0) !important; --tcb-applied-color: rgb(0, 0, 0) !important;\"><span style=\"--tcb-applied-color: rgb(0, 0, 0) !important;\">Expertise<\/span><span style=\"font-weight: normal; --tcb-applied-color: rgb(0, 0, 0) !important;\"> reconocido<\/span><\/h2>\n<ul>\n<li style=\"\"><span style=\"\">Amazon Ads Verified Partner<\/span><\/li>\n<li style=\"\"><span style=\"\">Mayor presupuesto de Amazon Ads en LatAm<\/span><\/li>\n<li style=\"\"><span style=\"\">Mentores de masterminds de top sellers<\/span><\/li>\n<li style=\"\"><span style=\"\">+9 a\u00f1os construyendo estrategias rentables en marketplaces<\/span><\/li>\n<\/ul>\n<h2 style=\"\"><span style=\"--tcb-gradient-text-value: var(--tcb-gradient-0);\">C\u00f3mo trabajamos<\/span><\/h2>\n<p><!--! Font Awesome Free 6.7.1 by @fontawesome - https:\/\/fontawesome.com License - https:\/\/fontawesome.com\/license\/free (Icons: CC BY 4.0, Fonts: SIL OFL 1.1, Code: MIT License) Copyright 2024 Fonticons, Inc. --><\/p>\n<h6 style=\"text-align: center;\">Equipo multidisciplinario<\/h6>\n<p><!--! Font Awesome Free 6.7.1 by @fontawesome - https:\/\/fontawesome.com License - https:\/\/fontawesome.com\/license\/free (Icons: CC BY 4.0, Fonts: SIL OFL 1.1, Code: MIT License) Copyright 2024 Fonticons, Inc. --><\/p>\n<h6 style=\"text-align: center;\">Innovaci\u00f3n continua sostenible<\/h6>\n<p><!--! Font Awesome Free 6.7.1 by @fontawesome - https:\/\/fontawesome.com License - https:\/\/fontawesome.com\/license\/free (Icons: CC BY 4.0, Fonts: SIL OFL 1.1, Code: MIT License) Copyright 2024 Fonticons, Inc. --><\/p>\n<h6 style=\"text-align: center;\">Herramientas innovadoras<\/h6>\n<p><!--! Font Awesome Free 6.7.1 by @fontawesome - https:\/\/fontawesome.com License - https:\/\/fontawesome.com\/license\/free (Icons: CC BY 4.0, Fonts: SIL OFL 1.1, Code: MIT License) Copyright 2024 Fonticons, Inc. --><\/p>\n<h6 style=\"text-align: center;\">Partners verificados por Amazon<\/h6>\n<h2 style=\"text-align: center; color: rgb(0, 0, 0) !important; --tcb-applied-color: rgb(0, 0, 0) !important;\">Lo que dicen <strong>nuestros clientes<\/strong><\/h2>\n<p><span><img decoding=\"async\" alt=\"\" data-id=\"10166\" width=\"60\" data-init-width=\"689\" height=\"60\" data-init-height=\"689\" title=\"testimonial_mariano_o\" loading=\"lazy\" src=\"https:\/\/capybaras.agency\/wp-content\/uploads\/2025\/09\/testimonial_mariano_o.png\" data-width=\"60\" data-height=\"60\" style=\"aspect-ratio: auto 689 \/ 689;\"><\/span><\/p>\n<p style=\"\">Mariano Oliva<\/p>\n<p style=\"\">CEO en HAVANNA USA<\/p>\n<p style=\"color: var(--tcb-skin-color-0) !important; --tcb-applied-color: var$(--tcb-skin-color-0) !important;\"><span style=\"--tcb-applied-color: var$(--tcb-skin-color-0) !important;\">\u201c<\/span><\/p>\n<p style=\"color: rgb(0, 0, 0) !important; --tcb-applied-color: rgb(0, 0, 0) !important;\">Nuestra experiencia con Capybaras ha sido excelente desde el inicio. Nos brindaron un equipo profesional dedicado y con el conocimiento y talento clave para el \u00e9xito en la gesti\u00f3n comercial en Amazon. Gracias a la ayuda de Capybaras tuvimos un crecimiento muy importante en ventas y mejoras en todas las m\u00e9tricas que Amazon eval\u00faa.<\/p>\n<p><span><img decoding=\"async\" alt=\"\" data-id=\"10167\" width=\"60\" data-init-width=\"740\" height=\"60\" data-init-height=\"740\" title=\"testimonial_martin_s\" loading=\"lazy\" src=\"https:\/\/capybaras.agency\/wp-content\/uploads\/2025\/09\/testimonial_martin_s.png\" data-width=\"60\" data-height=\"60\" style=\"aspect-ratio: auto 740 \/ 740;\"><\/span><\/p>\n<p style=\"\">Mart\u00edn Sanchez<\/p>\n<p style=\"\">IBD en Laboratorios Andr\u00f3maco<\/p>\n<p style=\"color: var(--tcb-skin-color-0) !important; --tcb-applied-color: var$(--tcb-skin-color-0) !important;\"><span style=\"--tcb-applied-color: var$(--tcb-skin-color-0) !important;\">\u201c<\/span><\/p>\n<p style=\"color: rgb(0, 0, 0) !important; --tcb-applied-color: rgb(0, 0, 0) !important;\">En Andr\u00f3maco nos apoyamos en Capybaras para desarrollar nuestro negocio en Amazon. Cuentan con un gran equipo, experimentado, s\u00faper solvente y din\u00e1mico, con el que venimos avanzando a paso firme y ya podemos ver muy buenos resultados. Sus recomendaciones son acertadas y son de gran ayuda para transitar con mayor seguridad este camino, novedoso para nosotros.<\/p>\n<p><span><img decoding=\"async\" alt=\"\" data-id=\"10168\" width=\"60\" data-init-width=\"757\" height=\"60\" data-init-height=\"757\" title=\"testimonial_jeremy\" loading=\"lazy\" src=\"https:\/\/capybaras.agency\/wp-content\/uploads\/2025\/09\/testimonial_jeremy.png\" data-width=\"60\" data-height=\"60\" style=\"aspect-ratio: auto 757 \/ 757;\"><\/span><\/p>\n<p style=\"\">Jeremy Kraayenbrink<\/p>\n<p style=\"\">Co-Founder en Un Mate<\/p>\n<p style=\"color: var(--tcb-skin-color-0) !important; --tcb-applied-color: var$(--tcb-skin-color-0) !important;\"><span style=\"--tcb-applied-color: var$(--tcb-skin-color-0) !important;\">\u201c<\/span><\/p>\n<p style=\"color: rgb(0, 0, 0) !important; --tcb-applied-color: rgb(0, 0, 0) !important;\">En Un Mate nos destacamos por ser exigentes y detallistas al crear y desarrollar nuevos productos, evaluamos cada detalle. Con Capybaras encontramos un aliado que nos acompa\u00f1\u00f3 desde el dise\u00f1o industrial hasta el sourcing en China, con calidad y compromiso en cada etapa del proyecto.<\/p>\n<h3 style=\"color: rgb(0, 0, 0) !important; --tcb-applied-color: rgb(0, 0, 0) !important;\">Conoce&nbsp;<strong>al equipo<\/strong> detr\u00e1s del concepto<\/h3>\n<p style=\"color: rgb(0, 0, 0) !important; --tcb-applied-color: rgb(0, 0, 0) !important;\">Nuestro equipo est\u00e1 formado por especialistas apasionados en Amazon, marketplaces y performance marketing, unidos por una misi\u00f3n: hacer crecer tu marca. Combinamos estrategia, creatividad y ejecuci\u00f3n para entregar resultados medibles.<\/p>\n<p><span style=\"\"><img decoding=\"async\" alt=\"\" data-id=\"10470\" width=\"560\" data-init-width=\"1000\" height=\"392\" data-init-height=\"700\" title=\"1.Casa de campo\" loading=\"lazy\" src=\"https:\/\/capybaras.agency\/wp-content\/uploads\/2025\/09\/1.Casa-de-campo.png\" data-width=\"560\" data-height=\"392\" style=\"aspect-ratio: auto 1000 \/ 700;\" ml-d=\"0\" mt-d=\"0\"><\/span><\/p>\n<h2 style=\"text-align: center;\"><span style=\"--tcb-applied-color: var$(--tcb-skin-color-32) !important; color: var(--tcb-skin-color-32) !important;\">Donde las marcas vienen a<\/span><strong> <span style=\"--tcb-applied-color: var$(--tcb-skin-color-0) !important; color: var(--tcb-skin-color-0) !important;\">crecer.<\/span><\/strong><\/h2>\n","protected":false},"excerpt":{"rendered":"<p>Potencia el crecimiento de tu marca en Amazon y Marketplaces Ayudamos a marcas en expansi\u00f3n a escalar sus ventas con estrategia, datos y un equipo de primer nivel. Desde la publicidad hasta la operaci\u00f3n, nuestro enfoque 360\u00b0 maximiza el crecimiento integr\u00e1ndose de manera fluida con tu negocio. SomosCapybaras Agency Antes AMZHIT, hoy somos Capybaras: un [&hellip;]<\/p>\n","protected":false},"author":123460,"featured_media":0,"parent":0,"menu_order":0,"comment_status":"closed","ping_status":"closed","template":"","meta":{"_joinchat":[],"footnotes":"","tve_updated_post":"","tve_custom_css":"","tve_user_custom_css":"","tve_globals":{},"tcb2_ready":1,"tcb_editor_enabled":1,"tve_landing_page":"abe1eb2c4880d67f0874de0e15ab176f","_tve_header":"9960","_tve_footer":"9423"},"categories":[],"tags":[117,117,118],"class_list":{"0":"post-10676","1":"page","2":"type-page","3":"status-publish","4":"hentry","5":"tag-eng","7":"tag-esp","8":"post-wrapper","9":"thrv_wrapper"},"_hostinger_reach_plugin_has_subscription_block":false,"_hostinger_reach_plugin_is_elementor":false,"_links":{"self":[{"href":"https:\/\/capybaras.agency\/es\/wp-json\/wp\/v2\/pages\/10676","targetHints":{"allow":["GET"]}}],"collection":[{"href":"https:\/\/capybaras.agency\/es\/wp-json\/wp\/v2\/pages"}],"about":[{"href":"https:\/\/capybaras.agency\/es\/wp-json\/wp\/v2\/types\/page"}],"author":[{"embeddable":true,"href":"https:\/\/capybaras.agency\/es\/wp-json\/wp\/v2\/users\/123460"}],"replies":[{"embeddable":true,"href":"https:\/\/capybaras.agency\/es\/wp-json\/wp\/v2\/comments?post=10676"}],"version-history":[{"count":19,"href":"https:\/\/capybaras.agency\/es\/wp-json\/wp\/v2\/pages\/10676\/revisions"}],"predecessor-version":[{"id":11018,"href":"https:\/\/capybaras.agency\/es\/wp-json\/wp\/v2\/pages\/10676\/revisions\/11018"}],"wp:attachment":[{"href":"https:\/\/capybaras.agency\/es\/wp-json\/wp\/v2\/media?parent=10676"}],"wp:term":[{"taxonomy":"category","embeddable":true,"href":"https:\/\/capybaras.agency\/es\/wp-json\/wp\/v2\/categories?post=10676"},{"taxonomy":"post_tag","embeddable":true,"href":"https:\/\/capybaras.agency\/es\/wp-json\/wp\/v2\/tags?post=10676"}],"curies":[{"name":"wp","href":"https:\/\/api.w.org\/{rel}","templated":true}]}}